{"id":10269,"date":"2018-05-18T10:24:37","date_gmt":"2018-05-18T08:24:37","guid":{"rendered":"http:\/\/www.atletikaolomouc.cz\/?page_id=10269"},"modified":"2020-06-26T12:34:43","modified_gmt":"2020-06-26T10:34:43","slug":"pripravky","status":"publish","type":"page","link":"https:\/\/old.atletikaolomouc.cz\/?page_id=10269","title":{"rendered":"P\u0159\u00edpravky"},"content":{"rendered":"<p style=\"text-align: center;\"><strong>Krajsk\u00fd p\u0159ebor dru\u017estev p\u0159\u00edpravek<\/strong><\/p>\n<p><strong>Vedouc\u00ed dru\u017estva:<\/strong><br \/>\nPetra Esterkov\u00e1<br \/>\ntel: 604 509 219<br \/>\nemail: <a href=\"mailto:pmarkova@post.cz\" target=\"_blank\" rel=\"noopener\">pmarkova@post.cz<\/a><\/p>\n<p><strong>Term\u00edny:<\/strong><\/p>\n<table style=\"height: 54px;\" border=\"0\">\n<tbody>\n<tr style=\"height: 18px;\">\n<td style=\"height: 18px; width: 84px;\">02.06.2020<\/td>\n<td style=\"height: 18px; width: 237px;\">1.kolo sout\u011b\u017ee dru\u017estev p\u0159\u00edpravek<\/td>\n<td style=\"height: 18px; width: 76px;\">Prost\u011bjov<\/td>\n<td style=\"height: 18px; width: 80px;\"><a href=\"https:\/\/online.atletika.cz\/Propozice\/propozice\/44550\" target=\"_blank\" rel=\"noopener\">propozice<\/a><\/td>\n<td style=\"height: 18px; width: 77px;\"><a href=\"https:\/\/online.atletika.cz\/vysledky\/44550\" target=\"_blank\" rel=\"noopener\">v\u00fdsledky<\/a><\/td>\n<\/tr>\n<tr style=\"height: 18px;\">\n<td style=\"height: 18px; width: 84px;\">17.06.2020<\/td>\n<td style=\"height: 18px; width: 237px;\">2.kolo sout\u011b\u017ee dru\u017estev p\u0159\u00edpravek<\/td>\n<td style=\"height: 18px; width: 76px;\">Olomouc<\/td>\n<td style=\"height: 18px; width: 80px;\"><a href=\"https:\/\/online.atletika.cz\/Propozice\/propozice\/44518\" target=\"_blank\" rel=\"noopener\">propozice<\/a><\/td>\n<td style=\"height: 18px; width: 77px;\"><a href=\"https:\/\/online.atletika.cz\/vysledky\/44518\/\" target=\"_blank\" rel=\"noopener\">v\u00fdsledky<\/a>&nbsp;<\/td>\n<\/tr>\n<tr style=\"height: 18px;\">\n<td style=\"height: 18px; width: 84px;\">25.06.2020<\/td>\n<td style=\"height: 18px; width: 237px;\">3.kolo sout\u011b\u017ee dru\u017estev p\u0159\u00edpravek<\/td>\n<td style=\"height: 18px; width: 76px;\">Z\u00e1b\u0159eh<\/td>\n<td style=\"height: 18px; width: 80px;\"><a href=\"https:\/\/online.atletika.cz\/Propozice\/propozice\/44953\" target=\"_blank\" rel=\"noopener\">propozice<\/a><\/td>\n<td style=\"height: 18px; width: 77px;\">&nbsp;<a href=\"https:\/\/online.atletika.cz\/vysledky\/44953\" target=\"_blank\" rel=\"noopener\">v\u00fdsledky<\/a><\/td>\n<\/tr>\n<\/tbody>\n<\/table>\n<p><strong>Zpravodaje:<\/strong><\/p>\n<table border=\"0\">\n<tbody>\n<tr>\n<td><a href=\"http:\/\/www.atletikaolomouc.cz\/wp-content\/uploads\/2020\/06\/Zpravodaj-po-1.-kole.docx\" target=\"_blank\" rel=\"noopener\">Zpravodaj dru\u017estva po 1. kole<\/a><\/td>\n<td>&nbsp;<\/td>\n<\/tr>\n<tr>\n<td><a href=\"http:\/\/www.atletikaolomouc.cz\/wp-content\/uploads\/2020\/06\/ZPRAVODAJ-PO-2.-kole-KP.pdf\" target=\"_blank\" rel=\"noopener\">Zpravodaj dru\u017estva po 2. kole<\/a><\/td>\n<td>&nbsp;<\/td>\n<\/tr>\n<\/tbody>\n<\/table>\n<p><strong>Po\u0159ad\u00ed dru\u017estev:<br \/>\nD\u00edvky<\/strong><\/p>\n<table style=\"width: 484px;\" border=\"0\" cellspacing=\"0\" cellpadding=\"0\">\n<colgroup>\n<col width=\"27\">\n<col width=\"316\">\n<col width=\"65\">\n<col width=\"64\"> <\/colgroup>\n<tbody>\n<tr>\n<td style=\"width: 26px;\" height=\"21\">&nbsp;<\/td>\n<td style=\"width: 306px;\">&nbsp;<\/td>\n<td style=\"text-align: center; width: 80px;\">Celkem body<\/td>\n<td style=\"text-align: center; width: 72px;\">Hlavn\u00ed body<\/td>\n<\/tr>\n<tr>\n<td style=\"width: 26px;\"><strong>1<\/strong><\/td>\n<td style=\"width: 306px;\"><strong>AK Olomouc<\/strong><\/td>\n<td style=\"width: 80px;\"><strong>299,50<\/strong><\/td>\n<td style=\"width: 72px;\"><strong>30<\/strong><\/td>\n<\/tr>\n<tr>\n<td style=\"width: 26px;\"><strong>2<\/strong><\/td>\n<td style=\"width: 306px;\"><strong>AP Olomouc<\/strong><\/td>\n<td style=\"width: 80px;\"><strong>202,50<\/strong><\/td>\n<td style=\"width: 72px;\"><strong>27<\/strong><\/td>\n<\/tr>\n<tr>\n<td style=\"width: 26px;\"><strong>3<\/strong><\/td>\n<td style=\"width: 306px;\"><strong>TJ \u0160umperk<\/strong><\/td>\n<td style=\"width: 80px;\"><strong>195,00<\/strong><\/td>\n<td style=\"width: 72px;\"><strong>24<\/strong><\/td>\n<\/tr>\n<tr>\n<td style=\"width: 26px;\">4<\/td>\n<td style=\"width: 306px;\">AK \u0160ternberk<\/td>\n<td style=\"width: 80px;\"><strong>156,50<\/strong><\/td>\n<td style=\"width: 72px;\"><strong>20<\/strong><\/td>\n<\/tr>\n<tr>\n<td style=\"width: 26px;\">5<\/td>\n<td style=\"width: 306px;\">AK Prost\u011bjov<\/td>\n<td style=\"width: 80px;\"><strong>131,50<\/strong><\/td>\n<td style=\"width: 72px;\"><strong>18<\/strong><\/td>\n<\/tr>\n<tr>\n<td style=\"width: 26px;\">6<\/td>\n<td style=\"width: 306px;\">Atletika Z\u00e1b\u0159eh<\/td>\n<td style=\"width: 80px;\"><strong>81,00<\/strong><\/td>\n<td style=\"width: 72px;\"><strong>13<\/strong><\/td>\n<\/tr>\n<tr>\n<td style=\"width: 26px;\">7<\/td>\n<td style=\"width: 306px;\">SK P\u0159erov<\/td>\n<td style=\"width: 80px;\"><strong>64,00<\/strong><\/td>\n<td style=\"width: 72px;\"><strong>13<\/strong><\/td>\n<\/tr>\n<tr>\n<td style=\"width: 26px;\">8<\/td>\n<td style=\"width: 306px;\">SK Hranice<\/td>\n<td style=\"width: 80px;\"><strong>36,00<\/strong><\/td>\n<td style=\"width: 72px;\"><strong>10<\/strong><\/td>\n<\/tr>\n<tr>\n<td style=\"width: 26px;\">9<\/td>\n<td style=\"width: 306px;\">TJ Uni\u010dov<\/td>\n<td style=\"width: 80px;\"><strong>8,00<\/strong><\/td>\n<td style=\"width: 72px;\"><strong>6<\/strong><\/td>\n<\/tr>\n<tr>\n<td style=\"width: 26px;\">10<\/td>\n<td style=\"width: 306px;\">TJ Nov\u00e1 Hrade\u010dn\u00e1<\/td>\n<td style=\"width: 80px;\"><strong>2,00<\/strong><\/td>\n<td style=\"width: 72px;\"><strong>2<\/strong><\/td>\n<\/tr>\n<\/tbody>\n<\/table>\n<p><strong>&nbsp;<\/strong><\/p>\n<p><strong>&nbsp;<\/strong><\/p>\n<table style=\"width: 455px;\">\n<tbody>\n<tr>\n<td style=\"width: 31px;\">&nbsp;<\/td>\n<td style=\"width: 256px;\">&nbsp;<\/td>\n<td style=\"width: 80px; text-align: center;\">Celkem body<\/td>\n<td style=\"width: 78px; text-align: center;\">Hlavn\u00ed body<\/td>\n<\/tr>\n<tr>\n<td style=\"width: 31px;\"><strong>1<\/strong><\/td>\n<td style=\"width: 256px;\"><strong>AK Olomouc<\/strong><\/td>\n<td style=\"width: 80px;\"><strong>376,50<\/strong><\/td>\n<td style=\"width: 78px;\"><strong>30<\/strong><\/td>\n<\/tr>\n<tr>\n<td style=\"width: 31px;\"><strong>2<\/strong><\/td>\n<td style=\"width: 256px;\"><strong>TJ \u0160umperk<\/strong><\/td>\n<td style=\"width: 80px;\"><strong>187,50<\/strong><\/td>\n<td style=\"width: 78px;\"><strong>26<\/strong><\/td>\n<\/tr>\n<tr>\n<td style=\"width: 31px;\"><strong>3<\/strong><\/td>\n<td style=\"width: 256px;\"><strong>SK P\u0159erov<\/strong><\/td>\n<td style=\"width: 80px;\"><strong>169,50<\/strong><\/td>\n<td style=\"width: 78px;\"><strong>24<\/strong><\/td>\n<\/tr>\n<tr>\n<td style=\"width: 31px;\"><strong>4<\/strong><\/td>\n<td style=\"width: 256px;\">SK Hranice<\/td>\n<td style=\"width: 80px;\"><strong>119,00<\/strong><\/td>\n<td style=\"width: 78px;\"><strong>19<\/strong><\/td>\n<\/tr>\n<tr>\n<td style=\"width: 31px;\"><strong>5<\/strong><\/td>\n<td style=\"width: 256px;\">Atletika Z\u00e1b\u0159eh<\/td>\n<td style=\"width: 80px;\"><strong>113,00<\/strong><\/td>\n<td style=\"width: 78px;\"><strong>19<\/strong><\/td>\n<\/tr>\n<tr>\n<td style=\"width: 31px;\"><strong>6<\/strong><\/td>\n<td style=\"width: 256px;\">TJ Nov\u00e1 Hrade\u010dn\u00e1<\/td>\n<td style=\"width: 80px;\"><strong>74,00<\/strong><\/td>\n<td style=\"width: 78px;\"><strong>15<\/strong><\/td>\n<\/tr>\n<tr>\n<td style=\"width: 31px;\"><strong>7<\/strong><\/td>\n<td style=\"width: 256px;\">AK \u0160ternberk<\/td>\n<td style=\"width: 80px;\"><strong>60,00<\/strong><\/td>\n<td style=\"width: 78px;\"><strong>12<\/strong><\/td>\n<\/tr>\n<tr>\n<td style=\"width: 31px;\"><strong>8<\/strong><\/td>\n<td style=\"width: 256px;\">AP Olomouc<\/td>\n<td style=\"width: 80px;\"><strong>34,00<\/strong><\/td>\n<td style=\"width: 78px;\"><strong>10<\/strong><\/td>\n<\/tr>\n<tr>\n<td style=\"width: 31px;\"><strong>9<\/strong><\/td>\n<td style=\"width: 256px;\">AK Prost\u011bjov<\/td>\n<td style=\"width: 80px;\"><strong>32,50<\/strong><\/td>\n<td style=\"width: 78px;\"><strong>6<\/strong><\/td>\n<\/tr>\n<tr>\n<td style=\"width: 31px;\"><strong>10<\/strong><\/td>\n<td style=\"width: 256px;\">TJ Uni\u010dov<\/td>\n<td style=\"width: 80px;\"><strong>7,00<\/strong><\/td>\n<td style=\"width: 78px;\"><strong>2<\/strong><\/td>\n<\/tr>\n<\/tbody>\n<\/table>\n","protected":false},"excerpt":{"rendered":"<p>Krajsk\u00fd p\u0159ebor dru\u017estev p\u0159\u00edpravek Vedouc\u00ed dru\u017estva: Petra Esterkov\u00e1 tel: 604 509 219 email: pmarkova@post.cz Term\u00edny: 02.06.2020 1.kolo sout\u011b\u017ee dru\u017estev p\u0159\u00edpravek Prost\u011bjov propozice v\u00fdsledky 17.06.2020 2.kolo sout\u011b\u017ee dru\u017estev p\u0159\u00edpravek Olomouc propozice v\u00fdsledky&nbsp; 25.06.2020 3.kolo sout\u011b\u017ee dru\u017estev p\u0159\u00edpravek Z\u00e1b\u0159eh propozice &nbsp;v\u00fdsledky Zpravodaje: &hellip; <a href=\"https:\/\/old.atletikaolomouc.cz\/?page_id=10269\">Continue reading <span class=\"meta-nav\">&rarr;<\/span><\/a><\/p>\n","protected":false},"author":4,"featured_media":0,"parent":0,"menu_order":0,"comment_status":"closed","ping_status":"closed","template":"","meta":{"ngg_post_thumbnail":0},"_links":{"self":[{"href":"https:\/\/old.atletikaolomouc.cz\/index.php?rest_route=\/wp\/v2\/pages\/10269"}],"collection":[{"href":"https:\/\/old.atletikaolomouc.cz\/index.php?rest_route=\/wp\/v2\/pages"}],"about":[{"href":"https:\/\/old.atletikaolomouc.cz\/index.php?rest_route=\/wp\/v2\/types\/page"}],"author":[{"embeddable":true,"href":"https:\/\/old.atletikaolomouc.cz\/index.php?rest_route=\/wp\/v2\/users\/4"}],"replies":[{"embeddable":true,"href":"https:\/\/old.atletikaolomouc.cz\/index.php?rest_route=%2Fwp%2Fv2%2Fcomments&post=10269"}],"version-history":[{"count":9,"href":"https:\/\/old.atletikaolomouc.cz\/index.php?rest_route=\/wp\/v2\/pages\/10269\/revisions"}],"predecessor-version":[{"id":17287,"href":"https:\/\/old.atletikaolomouc.cz\/index.php?rest_route=\/wp\/v2\/pages\/10269\/revisions\/17287"}],"wp:attachment":[{"href":"https:\/\/old.atletikaolomouc.cz\/index.php?rest_route=%2Fwp%2Fv2%2Fmedia&parent=10269"}],"curies":[{"name":"wp","href":"https:\/\/api.w.org\/{rel}","templated":true}]}}