{"id":11258,"date":"2018-12-20T14:52:01","date_gmt":"2018-12-20T13:52:01","guid":{"rendered":"http:\/\/www.atletikaolomouc.cz\/?page_id=11258"},"modified":"2019-12-19T08:15:05","modified_gmt":"2019-12-19T07:15:05","slug":"zavody-2019","status":"publish","type":"page","link":"https:\/\/old.atletikaolomouc.cz\/?page_id=11258","title":{"rendered":"Z\u00e1vody 2019 ZP"},"content":{"rendered":"\n<table style=\"width: 587px; height: 1292px;\">\n<tbody>\n<tr style=\"height: 32px;\">\n<td style=\"width: 116.40625px; height: 32px;\">&nbsp;<\/td>\n<td style=\"width: 239.84375px; height: 32px;\"><strong>Z\u00e1vod<\/strong><\/td>\n<td style=\"width: 132.46875px; height: 32px;\"><strong>M\u00edsto<\/strong><\/td>\n<td style=\"width: 88.3125px; height: 32px;\"><strong>V\u00fdsledky<\/strong><\/td>\n<\/tr>\n<tr style=\"height: 32px;\">\n<td style=\"width: 116.40625px; height: 32px;\"><strong>\u00daNOR<\/strong><\/td>\n<td style=\"width: 239.84375px; height: 32px;\">&nbsp;<\/td>\n<td style=\"width: 132.46875px; height: 32px;\">&nbsp;<\/td>\n<td style=\"width: 88.3125px; height: 32px;\">&nbsp;<\/td>\n<\/tr>\n<tr style=\"height: 32px;\">\n<td style=\"width: 116.40625px; height: 32px;\">10. \u2013 16.02.<\/td>\n<td style=\"width: 239.84375px; height: 32px;\"><a href=\"https:\/\/drive.google.com\/file\/d\/1pi72XqMp21pmHQMUponbqIbFfA93UNxo\/view?usp=sharing\">IWAS WORLD GAMES<\/a><\/td>\n<td style=\"width: 132.46875px; height: 32px;\">&nbsp;Sharjah &#8211; UAE<\/td>\n<td style=\"width: 88.3125px; height: 32px;\">&nbsp;<a href=\"http:\/\/team-thomas.org\">V\u00fdsledky<\/a><\/td>\n<\/tr>\n<tr style=\"height: 32px;\">\n<td style=\"width: 116.40625px; height: 32px;\">18. \u2013 20.02.<\/td>\n<td style=\"width: 239.84375px; height: 32px;\"><a href=\"https:\/\/drive.google.com\/file\/d\/1cfhaDIe1KA8kiDDofvFOqf3b9kAuANN-\/view?usp=sharing\">9th International Open PA<\/a><\/td>\n<td style=\"width: 132.46875px; height: 32px;\">&nbsp;Sharjah &#8211; UAE<\/td>\n<td style=\"width: 88.3125px; height: 32px;\">&nbsp;<a href=\"http:\/\/team-thomas.org\">V\u00fdsledky<\/a><\/td>\n<\/tr>\n<tr style=\"height: 32px;\">\n<td style=\"width: 116.40625px; height: 32px;\">24. \u2013 27.02.<\/td>\n<td style=\"width: 239.84375px; height: 32px;\"><a href=\"https:\/\/drive.google.com\/file\/d\/16jqVUPv35tucYyAP6Ks1sT2wG37HiJHS\/view?usp=sharing\">Grand Prix<\/a><\/td>\n<td style=\"width: 132.46875px; height: 32px;\">&nbsp;Dubai &#8211; UAE<\/td>\n<td style=\"width: 88.3125px; height: 32px;\">&nbsp;<\/td>\n<\/tr>\n<tr style=\"height: 32px;\">\n<td style=\"width: 116.40625px; height: 32px;\"><strong>B\u0158EZEN<\/strong><\/td>\n<td style=\"width: 239.84375px; height: 32px;\">&nbsp;<\/td>\n<td style=\"width: 132.46875px; height: 32px;\">&nbsp;<\/td>\n<td style=\"width: 88.3125px; height: 32px;\">&nbsp;<\/td>\n<\/tr>\n<tr style=\"height: 32px;\">\n<td style=\"width: 116.40625px; height: 32px;\">23.03.<\/td>\n<td style=\"width: 239.84375px; height: 32px;\">Halov\u00e9 z\u00e1vody<\/td>\n<td style=\"width: 132.46875px; height: 32px;\">&nbsp;Ostrava<\/td>\n<td style=\"width: 88.3125px; height: 32px;\">V\u00fdsledky<\/td>\n<\/tr>\n<tr style=\"height: 32px;\">\n<td style=\"width: 116.40625px; height: 32px;\"><strong>DUBEN<\/strong><\/td>\n<td style=\"width: 239.84375px; height: 32px;\">&nbsp;<\/td>\n<td style=\"width: 132.46875px; height: 32px;\">&nbsp;<\/td>\n<td style=\"width: 88.3125px; height: 32px;\">&nbsp;<\/td>\n<\/tr>\n<tr style=\"height: 14px;\">\n<td style=\"width: 116.40625px; height: 14px;\">13.04.<\/td>\n<td style=\"width: 239.84375px; height: 14px;\"><a href=\"https:\/\/drive.google.com\/file\/d\/1CxmWbt6jOqAITINcOe425yZOboCUKtYL\/view?usp=sharing\">Halov\u00e9 &nbsp;z\u00e1vody<\/a><\/td>\n<td style=\"width: 132.46875px; height: 14px;\">Olomouc<\/td>\n<td style=\"width: 88.3125px; height: 14px;\">V\u00fdsledky<\/td>\n<\/tr>\n<tr style=\"height: 32px;\">\n<td style=\"width: 116.40625px; height: 32px;\">21.-28.04.<\/td>\n<td style=\"width: 239.84375px; height: 32px;\">IPC z\u00e1vod<\/td>\n<td style=\"width: 132.46875px; height: 32px;\">&nbsp;Maroko<\/td>\n<td style=\"width: 88.3125px; height: 32px;\">&nbsp;<\/td>\n<\/tr>\n<tr style=\"height: 32px;\">\n<td style=\"width: 116.40625px; height: 32px;\"><strong>KV\u011aTEN<\/strong><\/td>\n<td style=\"width: 239.84375px; height: 32px;\">&nbsp;<\/td>\n<td style=\"width: 132.46875px; height: 32px;\">&nbsp;<\/td>\n<td style=\"width: 88.3125px; height: 32px;\">&nbsp;<\/td>\n<\/tr>\n<tr style=\"height: 32px;\">\n<td style=\"width: 116.40625px; height: 32px;\">29.04.-05.05.<\/td>\n<td style=\"width: 239.84375px; height: 32px;\">&nbsp;Soust\u0159ed\u011bn\u00ed<\/td>\n<td style=\"width: 132.46875px; height: 32px;\">&nbsp;Nymburk<\/td>\n<td style=\"width: 88.3125px; height: 32px;\">&nbsp;<\/td>\n<\/tr>\n<tr style=\"height: 32px;\">\n<td style=\"width: 116.40625px; height: 32px;\">05.05.<\/td>\n<td style=\"width: 239.84375px; height: 32px;\">&nbsp;<a href=\"https:\/\/drive.google.com\/drive\/u\/2\/my-drive\">Z\u00e1vody TP<\/a><\/td>\n<td style=\"width: 132.46875px; height: 32px;\">&nbsp;Pardubice<\/td>\n<td style=\"width: 88.3125px; height: 32px;\"><a href=\"https:\/\/drive.google.com\/open?id=1-aEeUXGUCjE8DNUSka8aQD0635Sj6aSB\">V\u00fdsledky<\/a><\/td>\n<\/tr>\n<tr style=\"height: 32px;\">\n<td style=\"width: 116.40625px; height: 32px;\">12.05.<\/td>\n<td style=\"width: 239.84375px; height: 32px;\">&nbsp;<a href=\"https:\/\/drive.google.com\/file\/d\/1S7gtV_3BJo406VLl67TPSx4LZVolmgsY\/view\">Z\u00e1vody voz\u00ed\u010dk\u00e1\u0159\u016f &#8211; 1. kolo<\/a><\/td>\n<td style=\"width: 132.46875px; height: 32px;\">&nbsp;Olomouc<\/td>\n<td style=\"width: 88.3125px; height: 32px;\"><a href=\"https:\/\/drive.google.com\/file\/d\/1EBoVgZm_ZXSpSVew0fTwRRqT7wIBgsP7\/view\">V\u00fdsledky<\/a><\/td>\n<\/tr>\n<tr style=\"height: 32px;\">\n<td style=\"width: 116.40625px; height: 32px;\">18.-19.05.<\/td>\n<td style=\"width: 239.84375px; height: 32px;\">&nbsp;Croatia Open<\/td>\n<td style=\"width: 132.46875px; height: 32px;\">&nbsp;Split<\/td>\n<td style=\"width: 88.3125px; height: 32px;\"><a href=\"http:\/\/www.hasosi.hr\/wp-content\/uploads\/2019\/05\/CROATIA-OPEN-2019-RESULTS-1.pdf\">V\u00fdsledky<\/a><\/td>\n<\/tr>\n<tr style=\"height: 32px;\">\n<td style=\"width: 116.40625px; height: 32px;\">26.05.<\/td>\n<td style=\"width: 239.84375px; height: 32px;\">&nbsp;Jarn\u00ed atletika spastik\u016f<\/td>\n<td style=\"width: 132.46875px; height: 32px;\">&nbsp;B\u00edlina<\/td>\n<td style=\"width: 88.3125px; height: 32px;\">V\u00fdsledky<\/td>\n<\/tr>\n<tr style=\"height: 32px;\">\n<td style=\"width: 116.40625px; height: 32px;\"><strong>\u010cERVEN<\/strong><\/td>\n<td style=\"width: 239.84375px; height: 32px;\">&nbsp;<\/td>\n<td style=\"width: 132.46875px; height: 32px;\">&nbsp;<\/td>\n<td style=\"width: 88.3125px; height: 32px;\">&nbsp;<\/td>\n<\/tr>\n<tr style=\"height: 32px;\">\n<td style=\"width: 116.40625px; height: 32px;\">08. \u2013 09.06.<\/td>\n<td style=\"width: 239.84375px; height: 32px;\">&nbsp;<a href=\"https:\/\/www.paralympic.org\/sites\/default\/files\/document\/190410135320669_Grosseto+2019+event+information_c.pdf\">Grand Prix<\/a><\/td>\n<td style=\"width: 132.46875px; height: 32px;\">&nbsp;Grosseto &#8211; ITA<\/td>\n<td style=\"width: 88.3125px; height: 32px;\"><a href=\"http:\/\/www.fidalservizi.it\/risultati\/2019\/Grosseto_2019\/Index.htm\">V\u00fdsledky<\/a><\/td>\n<\/tr>\n<tr style=\"height: 32px;\">\n<td style=\"width: 116.40625px; height: 32px;\">12.-16.06.<\/td>\n<td style=\"width: 239.84375px; height: 32px;\">&nbsp;Evr. hry handi ml\u00e1de\u017ee<\/td>\n<td style=\"width: 132.46875px; height: 32px;\">&nbsp;Brno<\/td>\n<td style=\"width: 88.3125px; height: 32px;\"><a href=\"https:\/\/summer.emilopen.cz\/external\/vysledky_2019\/athletics_open.pdf\">V\u00fdsledky<\/a><\/td>\n<\/tr>\n<tr style=\"height: 32px;\">\n<td style=\"width: 116.40625px; height: 32px;\">19.06.<\/td>\n<td style=\"width: 239.84375px; height: 32px;\">&nbsp;Handi zlat\u00e1 tretra<\/td>\n<td style=\"width: 132.46875px; height: 32px;\">&nbsp;Ostrava<\/td>\n<td style=\"width: 88.3125px; height: 32px;\"><a href=\"https:\/\/drive.google.com\/file\/d\/19v1ASVWva4ky8PGzYtOtX1fq61BckBjX\/view\">V\u00fdsledky<\/a><\/td>\n<\/tr>\n<tr style=\"height: 30px;\">\n<td style=\"width: 116.40625px; height: 30px;\">26.06.<\/td>\n<td style=\"width: 239.84375px; height: 30px;\"><a href=\"https:\/\/drive.google.com\/open?id=1hDbU5EZSdfkrTodUbNyxBjTwAfW8-aKM\">Z\u00e1vody voz\u00ed\u010dk\u00e1\u0159\u016f &#8211; 2.kolo<\/a><\/td>\n<td style=\"width: 132.46875px; height: 30px;\">NMNM<\/td>\n<td style=\"width: 88.3125px; height: 30px;\"><a href=\"https:\/\/drive.google.com\/file\/d\/1JQkFIRjc-NvOoDJGLc_NMo1Ycr2PQIq6\/view\">V\u00fdsledky<\/a><\/td>\n<\/tr>\n<tr style=\"height: 32px;\">\n<td style=\"width: 116.40625px; height: 32px;\">29.06.<\/td>\n<td style=\"width: 239.84375px; height: 32px;\">&nbsp;M\u010cR Spastic Handicap<\/td>\n<td style=\"width: 132.46875px; height: 32px;\">&nbsp;B\u00edlina<\/td>\n<td style=\"width: 88.3125px; height: 32px;\">V\u00fdsledky<\/td>\n<\/tr>\n<tr style=\"height: 32px;\">\n<td style=\"width: 116.40625px; height: 32px;\"><strong>\u010cERVENEC<\/strong><\/td>\n<td style=\"width: 239.84375px; height: 32px;\">&nbsp;<\/td>\n<td style=\"width: 132.46875px; height: 32px;\">&nbsp;<\/td>\n<td style=\"width: 88.3125px; height: 32px;\">&nbsp;<\/td>\n<\/tr>\n<tr style=\"height: 32px;\">\n<td style=\"width: 116.40625px; height: 32px;\">19.-21.07.<\/td>\n<td style=\"width: 239.84375px; height: 32px;\"><a href=\"https:\/\/www.paralympic.org\/sites\/default\/files\/document\/190502131859138_Bydgoszcz+General+Information.pdf\">Grand Prix<\/a><\/td>\n<td style=\"width: 132.46875px; height: 32px;\">Bydho\u0161\u0165 -POL<\/td>\n<td style=\"width: 88.3125px; height: 32px;\">&nbsp;<\/td>\n<\/tr>\n<tr style=\"height: 32px;\">\n<td style=\"width: 116.40625px; height: 32px;\">27.07.<\/td>\n<td style=\"width: 239.84375px; height: 32px;\"><a href=\"https:\/\/sportlifebb-sk.webnode.sk\/l\/handi-open-2019\/\">&nbsp;Handi Open<\/a><\/td>\n<td style=\"width: 132.46875px; height: 32px;\">&nbsp;B.B. &#8211; SVK<\/td>\n<td style=\"width: 88.3125px; height: 32px;\">&nbsp;<\/td>\n<\/tr>\n<tr style=\"height: 32px;\">\n<td style=\"width: 116.40625px; height: 32px;\">28.07. \u2013 05.08.<\/td>\n<td style=\"width: 239.84375px; height: 32px;\">&nbsp;World PA Juniors<\/td>\n<td style=\"width: 132.46875px; height: 32px;\">&nbsp;Notwill &#8211; SUI<\/td>\n<td style=\"width: 88.3125px; height: 32px;\">&nbsp;<\/td>\n<\/tr>\n<tr style=\"height: 32px;\">\n<td style=\"width: 116.40625px; height: 32px;\"><strong>SRPEN<\/strong><\/td>\n<td style=\"width: 239.84375px; height: 32px;\">&nbsp;<\/td>\n<td style=\"width: 132.46875px; height: 32px;\">&nbsp;<\/td>\n<td style=\"width: 88.3125px; height: 32px;\">&nbsp;<\/td>\n<\/tr>\n<tr style=\"height: 32px;\">\n<td style=\"width: 116.40625px; height: 32px;\">16. \u2013 17.08.<\/td>\n<td style=\"width: 239.84375px; height: 32px;\">&nbsp;<a href=\"https:\/\/drive.google.com\/file\/d\/1qWWoXboteTlm7XIEHJut9ANXuGbp0J_W\/view\">CZECH OPEN<\/a><\/td>\n<td style=\"width: 132.46875px; height: 32px;\">&nbsp;Olomouc<\/td>\n<td style=\"width: 88.3125px; height: 32px;\">&nbsp;<\/td>\n<\/tr>\n<tr style=\"height: 32px;\">\n<td style=\"width: 116.40625px; height: 32px;\">29. &#8211; 30.08.<\/td>\n<td style=\"width: 239.84375px; height: 32px;\"><a href=\"https:\/\/www.paralympic.org\/sites\/default\/files\/document\/190527090035917_Information_Report_Handisport+Open+Paris_2019.pdf\">Grand Prix<\/a><\/td>\n<td style=\"width: 132.46875px; height: 32px;\">Pa\u0159\u00ed\u017e &#8211; FRA<\/td>\n<td style=\"width: 88.3125px; height: 32px;\">&nbsp;<\/td>\n<\/tr>\n<tr style=\"height: 32px;\">\n<td style=\"width: 116.40625px; height: 32px;\"><strong>Z\u00c1\u0158\u00cd<\/strong><\/td>\n<td style=\"width: 239.84375px; height: 32px;\">&nbsp;<\/td>\n<td style=\"width: 132.46875px; height: 32px;\">&nbsp;<\/td>\n<td style=\"width: 88.3125px; height: 32px;\">&nbsp;<\/td>\n<\/tr>\n<tr style=\"height: 32px;\">\n<td style=\"width: 116.40625px; height: 32px;\">01.09.<\/td>\n<td style=\"width: 239.84375px; height: 32px;\">&nbsp;Podzim\u00ed atletika<\/td>\n<td style=\"width: 132.46875px; height: 32px;\">&nbsp;B\u00edlina<\/td>\n<td style=\"width: 88.3125px; height: 32px;\">&nbsp;<\/td>\n<\/tr>\n<tr style=\"height: 32px;\">\n<td style=\"width: 116.40625px; height: 32px;\">08.09.<\/td>\n<td style=\"width: 239.84375px; height: 32px;\">&nbsp;Z\u00e1vody voz\u00ed\u010dk\u00e1\u0159\u016f &#8211; 3. kolo<\/td>\n<td style=\"width: 132.46875px; height: 32px;\">&nbsp;Praha<\/td>\n<td style=\"width: 88.3125px; height: 32px;\">&nbsp;<\/td>\n<\/tr>\n<tr style=\"height: 32px;\">\n<td style=\"width: 116.40625px; height: 32px;\">22.09.<\/td>\n<td style=\"width: 239.84375px; height: 32px;\">&nbsp;Z\u00e1vody voz\u00ed\u010dk\u00e1\u0159\u016f &#8211; 4. kolo<\/td>\n<td style=\"width: 132.46875px; height: 32px;\">&nbsp;Pardubice<\/td>\n<td style=\"width: 88.3125px; height: 32px;\">&nbsp;<\/td>\n<\/tr>\n<tr style=\"height: 32px;\">\n<td style=\"width: 116.40625px; height: 32px;\"><strong>\u0158\u00cdJEN<\/strong><\/td>\n<td style=\"width: 239.84375px; height: 32px;\">&nbsp;<\/td>\n<td style=\"width: 132.46875px; height: 32px;\">&nbsp;<\/td>\n<td style=\"width: 88.3125px; height: 32px;\">&nbsp;<\/td>\n<\/tr>\n<tr style=\"height: 32px;\">\n<td style=\"width: 116.40625px; height: 32px;\">06.10.<\/td>\n<td style=\"width: 239.84375px; height: 32px;\">&nbsp;Z\u00e1vody voz\u00ed\u010dk\u00e1\u0159\u016f &#8211; 5. kolo<\/td>\n<td style=\"width: 132.46875px; height: 32px;\">&nbsp;Olomouc<\/td>\n<td style=\"width: 88.3125px; height: 32px;\">&nbsp;<\/td>\n<\/tr>\n<tr style=\"height: 32px;\">\n<td style=\"width: 116.40625px; height: 32px;\">19.10.-1.11.<\/td>\n<td style=\"width: 239.84375px; height: 32px;\">&nbsp;Repre soust\u0159ed\u011bn\u00ed (MS)<\/td>\n<td style=\"width: 132.46875px; height: 32px;\">&nbsp;Nymburk<\/td>\n<td style=\"width: 88.3125px; height: 32px;\">&nbsp;<\/td>\n<\/tr>\n<tr style=\"height: 32px;\">\n<td style=\"width: 116.40625px; height: 32px;\"><strong>LISTOPAD<\/strong><\/td>\n<td style=\"width: 239.84375px; height: 32px;\">&nbsp;<\/td>\n<td style=\"width: 132.46875px; height: 32px;\">&nbsp;<\/td>\n<td style=\"width: 88.3125px; height: 32px;\">&nbsp;<\/td>\n<\/tr>\n<tr style=\"height: 32px;\">\n<td style=\"width: 116.40625px; height: 32px;\">07.-15.11.<\/td>\n<td style=\"width: 239.84375px; height: 32px;\">&nbsp;World PA Championships<\/td>\n<td style=\"width: 132.46875px; height: 32px;\">&nbsp;Dubai &#8211; UAE<\/td>\n<td style=\"width: 88.3125px; height: 32px;\">&nbsp;<\/td>\n<\/tr>\n<tr style=\"height: 32px;\">\n<td style=\"width: 116.40625px; height: 32px;\"><strong>PROSINEC<\/strong><\/td>\n<td style=\"width: 239.84375px; height: 32px;\">&nbsp;<\/td>\n<td style=\"width: 132.46875px; height: 32px;\">&nbsp;<\/td>\n<td style=\"width: 88.3125px; height: 32px;\">&nbsp;<\/td>\n<\/tr>\n<tr style=\"height: 32px;\">\n<td style=\"width: 116.40625px; height: 32px;\">5.12.<\/td>\n<td style=\"width: 239.84375px; height: 32px;\">&nbsp;Halov\u00fd z\u00e1vod<\/td>\n<td style=\"width: 132.46875px; height: 32px;\">&nbsp;Ostrava<\/td>\n<td style=\"width: 88.3125px; height: 32px;\">&nbsp;<\/td>\n<\/tr>\n<tr style=\"height: 32px;\">\n<td style=\"width: 116.40625px; height: 32px;\">14.12.<\/td>\n<td style=\"width: 239.84375px; height: 32px;\">&nbsp;V\u00e1no\u010dn\u00ed vrha\u010dsk\u00e1 koule<\/td>\n<td style=\"width: 132.46875px; height: 32px;\">&nbsp;Olomouc<\/td>\n<td style=\"width: 88.3125px; height: 32px;\"><a href=\"http:\/\/www.atletikaolomouc.cz\/wp-content\/uploads\/2019\/12\/OLOMOUC-HALA-2019-VOZMENI.pdf\">v\u00fdsledky<\/a><\/td>\n<\/tr>\n<\/tbody>\n<\/table>\n<p>&nbsp;<\/p>\n","protected":false},"excerpt":{"rendered":"<p>&nbsp; Z\u00e1vod M\u00edsto V\u00fdsledky \u00daNOR &nbsp; &nbsp; &nbsp; 10. \u2013 16.02. IWAS WORLD GAMES &nbsp;Sharjah &#8211; UAE &nbsp;V\u00fdsledky 18. \u2013 20.02. 9th International Open PA &nbsp;Sharjah &#8211; UAE &nbsp;V\u00fdsledky 24. \u2013 27.02. Grand Prix &nbsp;Dubai &#8211; UAE &nbsp; B\u0158EZEN &nbsp; &hellip; <a href=\"https:\/\/old.atletikaolomouc.cz\/?page_id=11258\">Continue reading <span class=\"meta-nav\">&rarr;<\/span><\/a><\/p>\n","protected":false},"author":11,"featured_media":0,"parent":7011,"menu_order":1,"comment_status":"closed","ping_status":"closed","template":"","meta":{"ngg_post_thumbnail":0},"_links":{"self":[{"href":"https:\/\/old.atletikaolomouc.cz\/index.php?rest_route=\/wp\/v2\/pages\/11258"}],"collection":[{"href":"https:\/\/old.atletikaolomouc.cz\/index.php?rest_route=\/wp\/v2\/pages"}],"about":[{"href":"https:\/\/old.atletikaolomouc.cz\/index.php?rest_route=\/wp\/v2\/types\/page"}],"author":[{"embeddable":true,"href":"https:\/\/old.atletikaolomouc.cz\/index.php?rest_route=\/wp\/v2\/users\/11"}],"replies":[{"embeddable":true,"href":"https:\/\/old.atletikaolomouc.cz\/index.php?rest_route=%2Fwp%2Fv2%2Fcomments&post=11258"}],"version-history":[{"count":20,"href":"https:\/\/old.atletikaolomouc.cz\/index.php?rest_route=\/wp\/v2\/pages\/11258\/revisions"}],"predecessor-version":[{"id":15758,"href":"https:\/\/old.atletikaolomouc.cz\/index.php?rest_route=\/wp\/v2\/pages\/11258\/revisions\/15758"}],"up":[{"embeddable":true,"href":"https:\/\/old.atletikaolomouc.cz\/index.php?rest_route=\/wp\/v2\/pages\/7011"}],"wp:attachment":[{"href":"https:\/\/old.atletikaolomouc.cz\/index.php?rest_route=%2Fwp%2Fv2%2Fmedia&parent=11258"}],"curies":[{"name":"wp","href":"https:\/\/api.w.org\/{rel}","templated":true}]}}