{"id":1600,"date":"2012-04-26T09:43:15","date_gmt":"2012-04-26T07:43:15","guid":{"rendered":"http:\/\/www.atletikaolomouc.cz\/?page_id=1600"},"modified":"2022-11-03T16:46:31","modified_gmt":"2022-11-03T15:46:31","slug":"oddilove-rekordy","status":"publish","type":"page","link":"https:\/\/old.atletikaolomouc.cz\/?page_id=1600","title":{"rendered":"Odd\u00edlov\u00e9 rekordy"},"content":{"rendered":"<table>\n<tbody>\n<tr>\n<td style=\"width: 410px;\">Mu\u017ei<\/td>\n<td style=\"width: 31.3281px;\"><a href=\"https:\/\/www.atletikaolomouc.cz\/wp-content\/uploads\/2022\/11\/odd\u00edlov\u00e9_rekordy_2022_muzi.pdf\" target=\"_blank\" rel=\"noopener\">PDF<\/a><\/td>\n<\/tr>\n<tr>\n<td style=\"width: 410px;\">\u017deny<\/td>\n<td style=\"width: 31.3281px;\"><a href=\"https:\/\/www.atletikaolomouc.cz\/wp-content\/uploads\/2022\/11\/odd\u00edlov\u00e9_rekordy_2022_zeny.pdf\" target=\"_blank\" rel=\"noopener\">PDF<\/a><\/td>\n<\/tr>\n<tr>\n<td style=\"width: 410px;\">Junio\u0159i<\/td>\n<td style=\"width: 31.3281px;\"><a href=\"https:\/\/www.atletikaolomouc.cz\/wp-content\/uploads\/2022\/11\/odd\u00edlov\u00e9_rekordy_2022_juniori.pdf\" target=\"_blank\" rel=\"noopener\">PDF<\/a><\/td>\n<\/tr>\n<tr>\n<td style=\"width: 410px;\">Juniorky<\/td>\n<td style=\"width: 31.3281px;\"><a href=\"https:\/\/www.atletikaolomouc.cz\/wp-content\/uploads\/2022\/11\/odd\u00edlov\u00e9_rekordy_2022_juniorky.pdf\" target=\"_blank\" rel=\"noopener\">PDF<\/a><\/td>\n<\/tr>\n<tr>\n<td style=\"width: 410px;\">Dorostenci<\/td>\n<td style=\"width: 31.3281px;\"><a href=\"https:\/\/www.atletikaolomouc.cz\/wp-content\/uploads\/2022\/11\/odd\u00edlov\u00e9_rekordy_2022_dorostenci.pdf\" target=\"_blank\" rel=\"noopener\">PDF<\/a><\/td>\n<\/tr>\n<tr>\n<td style=\"width: 410px;\">Dorostenky<\/td>\n<td style=\"width: 31.3281px;\"><a href=\"https:\/\/www.atletikaolomouc.cz\/wp-content\/uploads\/2022\/11\/odd\u00edlov\u00e9_rekordy_2022_dorostenky.pdf\" target=\"_blank\" rel=\"noopener\">PDF<\/a><\/td>\n<\/tr>\n<tr>\n<td style=\"width: 410px;\">Star\u0161\u00ed \u017e\u00e1ci<\/td>\n<td style=\"width: 31.3281px;\"><a href=\"https:\/\/www.atletikaolomouc.cz\/wp-content\/uploads\/2022\/11\/odd\u00edlov\u00e9_rekordy_2022_starsi_zaci.pdf\" target=\"_blank\" rel=\"noopener\">PDF<\/a><\/td>\n<\/tr>\n<tr>\n<td style=\"width: 410px;\">Star\u0161\u00ed \u017e\u00e1kyn\u011b<\/td>\n<td style=\"width: 31.3281px;\"><a href=\"https:\/\/www.atletikaolomouc.cz\/wp-content\/uploads\/2022\/11\/odd\u00edlov\u00e9_rekordy_2022_starsi_zakyne.pdf\" target=\"_blank\" rel=\"noopener\">PDF<\/a><\/td>\n<\/tr>\n<tr>\n<td style=\"width: 410px;\">Mlad\u0161\u00ed \u017e\u00e1ci<\/td>\n<td style=\"width: 31.3281px;\"><a href=\"https:\/\/www.atletikaolomouc.cz\/wp-content\/uploads\/2022\/11\/odd\u00edlov\u00e9_rekordy_2022_mladsi_zaci.pdf\" target=\"_blank\" rel=\"noopener\">PDF<\/a><\/td>\n<\/tr>\n<tr>\n<td style=\"width: 410px;\">Mlad\u0161\u00ed \u017e\u00e1kyn\u011b<\/td>\n<td style=\"width: 31.3281px;\"><a href=\"https:\/\/www.atletikaolomouc.cz\/wp-content\/uploads\/2022\/11\/odd\u00edlov\u00e9_rekordy_2022_mladsi_zakyne.pdf\" target=\"_blank\" rel=\"noopener\">PDF<\/a><\/td>\n<\/tr>\n<tr>\n<td style=\"width: 410px;\">Odd\u00edlov\u00e9 rekordy &#8211; v\u0161echny kategorie<\/td>\n<td style=\"width: 31.3281px;\"><a href=\"https:\/\/www.atletikaolomouc.cz\/wp-content\/uploads\/2022\/11\/odd\u00edlov\u00e9_rekordy_2022_10_23.pdf\" target=\"_blank\" rel=\"noopener\">PDF<\/a><\/td>\n<\/tr>\n<tr>\n<td style=\"width: 410px;\">&nbsp;<\/td>\n<td style=\"width: 31.3281px;\">&nbsp;<\/td>\n<\/tr>\n<tr>\n<td style=\"width: 410px;\">Medaile na M\u010cR v jednotliv\u00fdch disciplin\u00e1ch 2000-2019<\/td>\n<td style=\"width: 31.3281px;\"><a href=\"http:\/\/www.atletikaolomouc.cz\/wp-content\/uploads\/2020\/01\/Medaile_na_MCR_v_jednotlivych_disciplinach_2000_2019_oprava1.pdf\" target=\"_blank\" rel=\"noopener\">PDF<\/a><\/td>\n<\/tr>\n<tr>\n<td style=\"width: 410px;\">Medaile na M\u010cR v jednotliv\u00fdch disciplin\u00e1ch 2020-2022<\/td>\n<td style=\"width: 31.3281px;\"><a href=\"https:\/\/www.atletikaolomouc.cz\/wp-content\/uploads\/2022\/07\/Medaile_na_MCR_v_jednotlivych_disciplinach_2000_2022.pdf\" target=\"_blank\" rel=\"noopener\">PDF<\/a><\/td>\n<\/tr>\n<tr>\n<td style=\"width: 410px;\">Medailist\u00e9 M\u010cR AK Olomouc 2000-2019<\/td>\n<td style=\"width: 31.3281px;\"><a href=\"http:\/\/www.atletikaolomouc.cz\/wp-content\/uploads\/2020\/01\/Medailist\u00e9_AK_2000_2019.pdf\" target=\"_blank\" rel=\"noopener\">PDF<\/a><\/td>\n<\/tr>\n<tr>\n<td style=\"width: 410px;\">Medailist\u00e9 M\u010cR AK Olomouc 2020-2022<\/td>\n<td style=\"width: 31.3281px;\"><a href=\"https:\/\/www.atletikaolomouc.cz\/wp-content\/uploads\/2022\/07\/Medailist\u00e9_AK_2000_2022.pdf\" target=\"_blank\" rel=\"noopener\">PDF<\/a><\/td>\n<\/tr>\n<\/tbody>\n<\/table>\n","protected":false},"excerpt":{"rendered":"<p>Mu\u017ei PDF \u017deny PDF Junio\u0159i PDF Juniorky PDF Dorostenci PDF Dorostenky PDF Star\u0161\u00ed \u017e\u00e1ci PDF Star\u0161\u00ed \u017e\u00e1kyn\u011b PDF Mlad\u0161\u00ed \u017e\u00e1ci PDF Mlad\u0161\u00ed \u017e\u00e1kyn\u011b PDF Odd\u00edlov\u00e9 rekordy &#8211; v\u0161echny kategorie PDF &nbsp; &nbsp; Medaile na M\u010cR v jednotliv\u00fdch disciplin\u00e1ch 2000-2019 PDF &hellip; <a href=\"https:\/\/old.atletikaolomouc.cz\/?page_id=1600\">Continue reading <span class=\"meta-nav\">&rarr;<\/span><\/a><\/p>\n","protected":false},"author":4,"featured_media":0,"parent":0,"menu_order":0,"comment_status":"closed","ping_status":"closed","template":"","meta":{"ngg_post_thumbnail":0},"_links":{"self":[{"href":"https:\/\/old.atletikaolomouc.cz\/index.php?rest_route=\/wp\/v2\/pages\/1600"}],"collection":[{"href":"https:\/\/old.atletikaolomouc.cz\/index.php?rest_route=\/wp\/v2\/pages"}],"about":[{"href":"https:\/\/old.atletikaolomouc.cz\/index.php?rest_route=\/wp\/v2\/types\/page"}],"author":[{"embeddable":true,"href":"https:\/\/old.atletikaolomouc.cz\/index.php?rest_route=\/wp\/v2\/users\/4"}],"replies":[{"embeddable":true,"href":"https:\/\/old.atletikaolomouc.cz\/index.php?rest_route=%2Fwp%2Fv2%2Fcomments&post=1600"}],"version-history":[{"count":14,"href":"https:\/\/old.atletikaolomouc.cz\/index.php?rest_route=\/wp\/v2\/pages\/1600\/revisions"}],"predecessor-version":[{"id":35777,"href":"https:\/\/old.atletikaolomouc.cz\/index.php?rest_route=\/wp\/v2\/pages\/1600\/revisions\/35777"}],"wp:attachment":[{"href":"https:\/\/old.atletikaolomouc.cz\/index.php?rest_route=%2Fwp%2Fv2%2Fmedia&parent=1600"}],"curies":[{"name":"wp","href":"https:\/\/api.w.org\/{rel}","templated":true}]}}