{"id":1706,"date":"2011-12-01T14:25:57","date_gmt":"2011-12-01T13:25:57","guid":{"rendered":"http:\/\/www.atletikaolomouc.cz\/?page_id=1706"},"modified":"2011-12-01T14:25:57","modified_gmt":"2011-12-01T13:25:57","slug":"uvod-sps","status":"publish","type":"page","link":"https:\/\/old.atletikaolomouc.cz\/?page_id=1706","title":{"rendered":"\u00davod SpS"},"content":{"rendered":"<p style=\"text-align: justify;\"><strong>Sportovn\u00ed st\u0159edisko atletiky (SpS)<\/strong><\/p>\n<p>Sportovn\u00ed st\u0159ediska jsou z\u00e1kladn\u00edm \u010dl\u00e1nkem p\u00e9\u010de o sportovn\u011b talentovanou ml\u00e1de\u017e v \u010cesk\u00e9 republice.<\/p>\n<p>U talentovan\u00e9 ml\u00e1de\u017ee za\u0159azen\u00e9 do SpS se zejm\u00e9na rozv\u00edj\u00ed v\u0161eobecn\u00e1 sportovn\u00ed dovednost, na kterou navazuje specifick\u00e1 atletick\u00e1 p\u0159\u00edprava. V\u00fdznamn\u00fdm atributem jejich \u010dinnosti je z\u00edsk\u00e1n\u00ed pozitivn\u00edho vztahu k aktivn\u00ed pohybov\u00e9 a sportovn\u00ed \u010dinnosti.<\/p>\n<p>SpS p\u0159ipravuj\u00ed sportovce na p\u0159echod do Sportovn\u00edch center ml\u00e1de\u017ee (SCM), Sportovn\u00edch gymn\u00e1zi\u00ed (SG) a do v\u00fdkonnostn\u00edho sportu v dorosteneck\u00fdch a juniorsk\u00fdch kategori\u00edch.<\/p>\n<p>C\u00edlem programu je podpora:<\/p>\n<ul>\n<li>st\u00e1vaj\u00edc\u00edho syst\u00e9mu sportovn\u00edch t\u0159\u00edd (d\u00e1le jen \u201eST\u201c), kter\u00e9 jsou za\u0159azeny do syst\u00e9mu p\u0159\u00edpravy sportovn\u00edch talent\u016f. Podpora se t\u00fdk\u00e1 sportovn\u00ed p\u0159\u00edpravy \u017e\u00e1k\u016f na z\u00e1kladn\u00edch \u0161kol\u00e1ch ve spolupr\u00e1ci s atletick\u00fdm odd\u00edlem\/klubem a z\u00e1kladn\u00ed \u0161kolou (d\u00e1le jen Z\u0160),<\/li>\n<li>SpS, kter\u00e1 se orientuj\u00ed na sportovn\u00ed p\u0159\u00edpravu d\u011bt\u00ed, zpravidla ve v\u011bkov\u00e9 kategorii 6 a\u017e 15 let, kter\u00e9 jsou za\u0159azeny do syst\u00e9mu p\u0159\u00edpravy sportovn\u00edch talent\u016f.<\/li>\n<\/ul>\n<p style=\"text-align: justify;\">SpS z\u0159izuje \u010cAS s ohledem na svazovou koncepci v oblasti p\u00e9\u010de o sportovn\u011b talentovanou ml\u00e1de\u017e pro v\u011bkovou kategorii 6 a\u017e 15 let (zpravidla \u017e\u00e1ci z\u00e1kladn\u00edch \u0161kol a ni\u017e\u0161\u00edho stupn\u011b v\u00edcelet\u00fdch gymn\u00e1zi\u00ed).<\/p>\n<p style=\"text-align: justify;\"><strong>Sportovn\u00ed t\u0159\u00eddy (ST)<\/strong><\/p>\n<p style=\"text-align: justify;\">Sportovn\u00ed t\u0159\u00eddy atletiky vyv\u00edjej\u00ed svou \u010dinnost na druh\u00e9m stupni z\u00e1kladn\u00ed \u0161koly od 6. do 9. postupov\u00e9ho ro\u010dn\u00edku. Byly ustanoveny na z\u00e1klad\u011b rozhodnut\u00ed Ministerstva \u0161kolstv\u00ed ml\u00e1de\u017ee a t\u011blov\u00fdchovy se souhlasem \u0159editelstv\u00ed z\u00e1kladn\u00ed \u0161koly, \u010cesk\u00e9ho atletick\u00e9ho svazu a spolupracuj\u00edc\u00edho Atletick\u00e9ho klubu v Olomouci.<\/p>\n<p style=\"text-align: justify;\">Do sportovn\u00ed t\u0159\u00eddy jsou za\u0159azov\u00e1ni \u017e\u00e1ci na z\u00e1klad\u011b v\u00fdb\u011brov\u00e9ho \u0159\u00edzen\u00ed, t\u0159\u00edda je v\u00fdb\u011brov\u00e1 i po str\u00e1nce prosp\u011bchov\u00e9.<\/p>\n<p style=\"text-align: justify;\">\u0158editelstv\u00ed z\u00e1kladn\u00ed \u0161koly zabezpe\u010duje v\u00fduku dle u\u010debn\u00edho pl\u00e1nu pro z\u00e1kladn\u00ed \u0161koly 1. \u2013 9. ro\u010dn\u00edk s roz\u0161\u00ed\u0159enou v\u00fdukou t\u011blesn\u00e9 v\u00fdchovy, zpracovan\u00fdch na z\u00e1klad\u011b R\u00e1mcov\u00e9ho vzd\u011bl\u00e1vac\u00edho programu (RVPZV). Ve sportovn\u00edch t\u0159\u00edd\u00e1ch je v\u00fduka t\u011blesn\u00e9 v\u00fdchovy p\u011bt hodin t\u00fddn\u011b a je vedena k v\u0161estrann\u00e9mu rozvoji z\u00e1kladn\u00edch pohybov\u00fdch schopnost\u00ed a zvl\u00e1dnut\u00ed co nejv\u011bt\u0161\u00edho mno\u017estv\u00ed pohybov\u00fdch dovednost\u00ed.<\/p>\n<p style=\"text-align: justify;\">D\u011bti ze sportovn\u00ed t\u0159\u00eddy se ka\u017edoro\u010dn\u011b z\u00fa\u010dast\u0148uj\u00ed n\u011bkolika soust\u0159ed\u011bn\u00ed: v \u0159\u00edjnu kondi\u010dn\u00ed p\u0159\u00edprava na hor\u00e1ch, v lednu soust\u0159ed\u011bn\u00ed na ly\u017e\u00edch a na ja\u0159e speci\u00e1ln\u00ed atletick\u00e1 p\u0159\u00edprava ve sportovn\u00edch centrech. Tyto d\u011bti maxim\u00e1ln\u011b podporuje Atletick\u00fd klub Olomouc.<\/p>\n","protected":false},"excerpt":{"rendered":"<p>Sportovn\u00ed st\u0159edisko atletiky (SpS) Sportovn\u00ed st\u0159ediska jsou z\u00e1kladn\u00edm \u010dl\u00e1nkem p\u00e9\u010de o sportovn\u011b talentovanou ml\u00e1de\u017e v \u010cesk\u00e9 republice. U talentovan\u00e9 ml\u00e1de\u017ee za\u0159azen\u00e9 do SpS se zejm\u00e9na rozv\u00edj\u00ed v\u0161eobecn\u00e1 sportovn\u00ed dovednost, na kterou navazuje specifick\u00e1 atletick\u00e1 p\u0159\u00edprava. V\u00fdznamn\u00fdm atributem jejich \u010dinnosti je &hellip; <a href=\"https:\/\/old.atletikaolomouc.cz\/?page_id=1706\">Continue reading <span class=\"meta-nav\">&rarr;<\/span><\/a><\/p>\n","protected":false},"author":4,"featured_media":0,"parent":0,"menu_order":0,"comment_status":"closed","ping_status":"closed","template":"","meta":{"ngg_post_thumbnail":0},"_links":{"self":[{"href":"https:\/\/old.atletikaolomouc.cz\/index.php?rest_route=\/wp\/v2\/pages\/1706"}],"collection":[{"href":"https:\/\/old.atletikaolomouc.cz\/index.php?rest_route=\/wp\/v2\/pages"}],"about":[{"href":"https:\/\/old.atletikaolomouc.cz\/index.php?rest_route=\/wp\/v2\/types\/page"}],"author":[{"embeddable":true,"href":"https:\/\/old.atletikaolomouc.cz\/index.php?rest_route=\/wp\/v2\/users\/4"}],"replies":[{"embeddable":true,"href":"https:\/\/old.atletikaolomouc.cz\/index.php?rest_route=%2Fwp%2Fv2%2Fcomments&post=1706"}],"version-history":[{"count":2,"href":"https:\/\/old.atletikaolomouc.cz\/index.php?rest_route=\/wp\/v2\/pages\/1706\/revisions"}],"predecessor-version":[{"id":1708,"href":"https:\/\/old.atletikaolomouc.cz\/index.php?rest_route=\/wp\/v2\/pages\/1706\/revisions\/1708"}],"wp:attachment":[{"href":"https:\/\/old.atletikaolomouc.cz\/index.php?rest_route=%2Fwp%2Fv2%2Fmedia&parent=1706"}],"curies":[{"name":"wp","href":"https:\/\/api.w.org\/{rel}","templated":true}]}}