{"id":27318,"date":"2021-01-27T13:04:39","date_gmt":"2021-01-27T12:04:39","guid":{"rendered":"https:\/\/www.atletikaolomouc.cz\/?page_id=27318"},"modified":"2026-03-16T11:30:53","modified_gmt":"2026-03-16T10:30:53","slug":"zavody-starsi","status":"publish","type":"page","link":"https:\/\/old.atletikaolomouc.cz\/?page_id=27318","title":{"rendered":"Z\u00e1vody &#8211; star\u0161\u00ed"},"content":{"rendered":"<p><a href=\"https:\/\/www.atletikaolomouc.cz\/zavody\/zavody-2023\" target=\"_blank\" rel=\"noopener\"><span style=\"font-size: 14pt;\">Z\u00e1vody 2023<\/span><\/a><\/p>\n<p><span style=\"font-size: 14pt;\"><a href=\"https:\/\/www.atletikaolomouc.cz\/zavody\/zavody-2022\" target=\"_blank\" rel=\"noopener\">Z\u00e1vody 2022<\/a><\/span><\/p>\n<p><a href=\"https:\/\/www.atletikaolomouc.cz\/zavody\/zavody-2021\" target=\"_blank\" rel=\"noopener\"><span style=\"font-size: 14pt;\">Z\u00e1vody 2021<\/span><\/a><\/p>\n<p><a href=\"https:\/\/old.atletikaolomouc.cz\/?page_id=15529\" target=\"_blank\" rel=\"noopener\"><span style=\"font-size: 14pt;\">Z\u00e1vody 2020<\/span><\/a><\/p>\n<p><a href=\"https:\/\/old.atletikaolomouc.cz\/?page_id=11211\" target=\"_blank\" rel=\"noopener\"><span style=\"font-size: 14pt;\">Z\u00e1vody 2019<\/span><\/a><\/p>\n<p><a href=\"https:\/\/old.atletikaolomouc.cz\/?page_id=9677\" target=\"_blank\" rel=\"noopener\"><span style=\"font-size: 14pt;\">Z\u00e1vody 2018<\/span><\/a><\/p>\n<p><a href=\"https:\/\/old.atletikaolomouc.cz\/?page_id=8184\" target=\"_blank\" rel=\"noopener\"><span style=\"font-size: 14pt;\">Z\u00e1vody 2017<\/span><\/a><\/p>\n<p><a href=\"https:\/\/old.atletikaolomouc.cz\/?page_id=6668\" target=\"_blank\" rel=\"noopener\"><span style=\"font-size: 14pt;\">Z\u00e1vody 2016<\/span><\/a><\/p>\n<p><a href=\"https:\/\/old.atletikaolomouc.cz\/?page_id=5333\" target=\"_blank\" rel=\"noopener\"><span style=\"font-size: 14pt;\">Z\u00e1vody 2015<\/span><\/a><\/p>\n<p><a href=\"https:\/\/old.atletikaolomouc.cz\/?page_id=4590\" target=\"_blank\" rel=\"noopener\"><span style=\"font-size: 14pt;\">Z\u00e1vody 2014<\/span><\/a><\/p>\n<p><a href=\"https:\/\/old.atletikaolomouc.cz\/?page_id=3206\" target=\"_blank\" rel=\"noopener\"><span style=\"font-size: 14pt;\">Z\u00e1vody 2013<\/span><\/a><\/p>\n<p><a href=\"https:\/\/old.atletikaolomouc.cz\/?page_id=1558\" target=\"_blank\" rel=\"noopener\"><span style=\"font-size: 14pt;\">Z\u00e1vody 2012<\/span><\/a><\/p>\n<p><a href=\"https:\/\/old.atletikaolomouc.cz\/?page_id=514\" target=\"_blank\" rel=\"noopener\"><span style=\"font-size: 14pt;\">Z\u00e1vody 2011<\/span><\/a><\/p>\n","protected":false},"excerpt":{"rendered":"<p>Z\u00e1vody 2023 Z\u00e1vody 2022 Z\u00e1vody 2021 Z\u00e1vody 2020 Z\u00e1vody 2019 Z\u00e1vody 2018 Z\u00e1vody 2017 Z\u00e1vody 2016 Z\u00e1vody 2015 Z\u00e1vody 2014 Z\u00e1vody 2013 Z\u00e1vody 2012 Z\u00e1vody 2011<\/p>\n","protected":false},"author":14,"featured_media":0,"parent":0,"menu_order":0,"comment_status":"closed","ping_status":"closed","template":"","meta":{"ngg_post_thumbnail":0},"_links":{"self":[{"href":"https:\/\/old.atletikaolomouc.cz\/index.php?rest_route=\/wp\/v2\/pages\/27318"}],"collection":[{"href":"https:\/\/old.atletikaolomouc.cz\/index.php?rest_route=\/wp\/v2\/pages"}],"about":[{"href":"https:\/\/old.atletikaolomouc.cz\/index.php?rest_route=\/wp\/v2\/types\/page"}],"author":[{"embeddable":true,"href":"https:\/\/old.atletikaolomouc.cz\/index.php?rest_route=\/wp\/v2\/users\/14"}],"replies":[{"embeddable":true,"href":"https:\/\/old.atletikaolomouc.cz\/index.php?rest_route=%2Fwp%2Fv2%2Fcomments&post=27318"}],"version-history":[{"count":8,"href":"https:\/\/old.atletikaolomouc.cz\/index.php?rest_route=\/wp\/v2\/pages\/27318\/revisions"}],"predecessor-version":[{"id":36733,"href":"https:\/\/old.atletikaolomouc.cz\/index.php?rest_route=\/wp\/v2\/pages\/27318\/revisions\/36733"}],"wp:attachment":[{"href":"https:\/\/old.atletikaolomouc.cz\/index.php?rest_route=%2Fwp%2Fv2%2Fmedia&parent=27318"}],"curies":[{"name":"wp","href":"https:\/\/api.w.org\/{rel}","templated":true}]}}