{"id":27664,"date":"2021-03-16T10:50:19","date_gmt":"2021-03-16T09:50:19","guid":{"rendered":"https:\/\/www.atletikaolomouc.cz\/?page_id=27664"},"modified":"2021-12-06T09:33:21","modified_gmt":"2021-12-06T08:33:21","slug":"odkazy-zp","status":"publish","type":"page","link":"https:\/\/old.atletikaolomouc.cz\/?page_id=27664","title":{"rendered":"Odkazy &#8211; ZP"},"content":{"rendered":"<p>J\u00edzda na voz\u00edku se z\u00e1t\u011b\u017e\u00ed\/Riding wheelchair with a load<\/p>\n<div style=\"width: 640px;\" class=\"wp-video\"><!--[if lt IE 9]><script>document.createElement('video');<\/script><![endif]-->\n<video class=\"wp-video-shortcode\" id=\"video-27664-1\" width=\"640\" height=\"352\" preload=\"metadata\" controls=\"controls\"><source type=\"video\/mp4\" src=\"https:\/\/www.atletikaolomouc.cz\/wp-content\/uploads\/2021\/03\/1615999087171.mp4?_=1\" \/><a href=\"https:\/\/www.atletikaolomouc.cz\/wp-content\/uploads\/2021\/03\/1615999087171.mp4\">https:\/\/www.atletikaolomouc.cz\/wp-content\/uploads\/2021\/03\/1615999087171.mp4<\/a><\/video><\/div>\n<div style=\"width: 640px;\" class=\"wp-video\"><video class=\"wp-video-shortcode\" id=\"video-27664-2\" width=\"640\" height=\"352\" preload=\"metadata\" controls=\"controls\"><source type=\"video\/mp4\" src=\"https:\/\/www.atletikaolomouc.cz\/wp-content\/uploads\/2021\/03\/1615999087184.mp4?_=2\" \/><a href=\"https:\/\/www.atletikaolomouc.cz\/wp-content\/uploads\/2021\/03\/1615999087184.mp4\">https:\/\/www.atletikaolomouc.cz\/wp-content\/uploads\/2021\/03\/1615999087184.mp4<\/a><\/video><\/div>\n<p>Cvi\u010den\u00ed s medicimbalem\/Exercise with medicimbal<\/p>\n<div style=\"width: 660px;\" class=\"wp-video\"><video class=\"wp-video-shortcode\" id=\"video-27664-3\" width=\"660\" height=\"371\" preload=\"metadata\" controls=\"controls\"><source type=\"video\/mp4\" src=\"https:\/\/www.atletikaolomouc.cz\/wp-content\/uploads\/2021\/03\/VID_20210315_103119.mp4?_=3\" \/><a href=\"https:\/\/www.atletikaolomouc.cz\/wp-content\/uploads\/2021\/03\/VID_20210315_103119.mp4\">https:\/\/www.atletikaolomouc.cz\/wp-content\/uploads\/2021\/03\/VID_20210315_103119.mp4<\/a><\/video><\/div>\n<div style=\"width: 660px;\" class=\"wp-video\"><video class=\"wp-video-shortcode\" id=\"video-27664-4\" width=\"660\" height=\"371\" preload=\"metadata\" controls=\"controls\"><source type=\"video\/mp4\" src=\"https:\/\/www.atletikaolomouc.cz\/wp-content\/uploads\/2021\/03\/VID_20210315_103518.mp4?_=4\" \/><a href=\"https:\/\/www.atletikaolomouc.cz\/wp-content\/uploads\/2021\/03\/VID_20210315_103518.mp4\">https:\/\/www.atletikaolomouc.cz\/wp-content\/uploads\/2021\/03\/VID_20210315_103518.mp4<\/a><\/video><\/div>\n<p>&nbsp;<\/p>\n<p>Cvi\u010den\u00ed s molitanov\u00fdmi kostkami &#8211; v\u00fdskoky sno\u017emo.\/Exercise with foam cubes &#8211; high-altitude<\/p>\n<div style=\"width: 660px;\" class=\"wp-video\"><video class=\"wp-video-shortcode\" id=\"video-27664-5\" width=\"660\" height=\"371\" preload=\"metadata\" controls=\"controls\"><source type=\"video\/mp4\" src=\"https:\/\/www.atletikaolomouc.cz\/wp-content\/uploads\/2021\/11\/VID_20211129_163751.mp4?_=5\" \/><a href=\"https:\/\/www.atletikaolomouc.cz\/wp-content\/uploads\/2021\/11\/VID_20211129_163751.mp4\">https:\/\/www.atletikaolomouc.cz\/wp-content\/uploads\/2021\/11\/VID_20211129_163751.mp4<\/a><\/video><\/div>\n<p>&nbsp;<\/p>\n<p>Cvi\u010den\u00ed s molitanov\u00fdmi kostkami &#8211; v\u00fdskoky na prav\u00e9 noze.\/Exercise with foam cubes &#8211; jumps on the right leg.<\/p>\n<div style=\"width: 660px;\" class=\"wp-video\"><video class=\"wp-video-shortcode\" id=\"video-27664-6\" width=\"660\" height=\"371\" preload=\"metadata\" controls=\"controls\"><source type=\"video\/mp4\" src=\"https:\/\/www.atletikaolomouc.cz\/wp-content\/uploads\/2021\/11\/VID_20211129_163852.mp4?_=6\" \/><a href=\"https:\/\/www.atletikaolomouc.cz\/wp-content\/uploads\/2021\/11\/VID_20211129_163852.mp4\">https:\/\/www.atletikaolomouc.cz\/wp-content\/uploads\/2021\/11\/VID_20211129_163852.mp4<\/a><\/video><\/div>\n<p>&nbsp;<\/p>\n<p>Cvi\u010den\u00ed s molitanov\u00fdmi kostkami &#8211; v\u00fdskoky na lev\u00e9 noze.\/Exercise with foam cubes &#8211; jumps on the left leg.<\/p>\n<div style=\"width: 660px;\" class=\"wp-video\"><video class=\"wp-video-shortcode\" id=\"video-27664-7\" width=\"660\" height=\"371\" preload=\"metadata\" controls=\"controls\"><source type=\"video\/mp4\" src=\"https:\/\/www.atletikaolomouc.cz\/wp-content\/uploads\/2021\/11\/VID_20211129_163930.mp4?_=7\" \/><a href=\"https:\/\/www.atletikaolomouc.cz\/wp-content\/uploads\/2021\/11\/VID_20211129_163930.mp4\">https:\/\/www.atletikaolomouc.cz\/wp-content\/uploads\/2021\/11\/VID_20211129_163930.mp4<\/a><\/video><\/div>\n<p>&nbsp;<\/p>\n<p>Odhody medicimbalem vzad &#8211;&nbsp;medicimbal backwards<\/p>\n<div style=\"width: 660px;\" class=\"wp-video\"><video class=\"wp-video-shortcode\" id=\"video-27664-8\" width=\"660\" height=\"371\" preload=\"metadata\" controls=\"controls\"><source type=\"video\/mp4\" src=\"https:\/\/www.atletikaolomouc.cz\/wp-content\/uploads\/2021\/12\/VID_20211201_102151.mp4?_=8\" \/><a href=\"https:\/\/www.atletikaolomouc.cz\/wp-content\/uploads\/2021\/12\/VID_20211201_102151.mp4\">https:\/\/www.atletikaolomouc.cz\/wp-content\/uploads\/2021\/12\/VID_20211201_102151.mp4<\/a><\/video><\/div>\n","protected":false},"excerpt":{"rendered":"<p>J\u00edzda na voz\u00edku se z\u00e1t\u011b\u017e\u00ed\/Riding wheelchair with a load Cvi\u010den\u00ed s medicimbalem\/Exercise with medicimbal &nbsp; Cvi\u010den\u00ed s molitanov\u00fdmi kostkami &#8211; v\u00fdskoky sno\u017emo.\/Exercise with foam cubes &#8211; high-altitude &nbsp; Cvi\u010den\u00ed s molitanov\u00fdmi kostkami &#8211; v\u00fdskoky na prav\u00e9 noze.\/Exercise with foam cubes &hellip; <a href=\"https:\/\/old.atletikaolomouc.cz\/?page_id=27664\">Continue reading <span class=\"meta-nav\">&rarr;<\/span><\/a><\/p>\n","protected":false},"author":14,"featured_media":0,"parent":0,"menu_order":0,"comment_status":"closed","ping_status":"closed","template":"","meta":{"ngg_post_thumbnail":0},"_links":{"self":[{"href":"https:\/\/old.atletikaolomouc.cz\/index.php?rest_route=\/wp\/v2\/pages\/27664"}],"collection":[{"href":"https:\/\/old.atletikaolomouc.cz\/index.php?rest_route=\/wp\/v2\/pages"}],"about":[{"href":"https:\/\/old.atletikaolomouc.cz\/index.php?rest_route=\/wp\/v2\/types\/page"}],"author":[{"embeddable":true,"href":"https:\/\/old.atletikaolomouc.cz\/index.php?rest_route=\/wp\/v2\/users\/14"}],"replies":[{"embeddable":true,"href":"https:\/\/old.atletikaolomouc.cz\/index.php?rest_route=%2Fwp%2Fv2%2Fcomments&post=27664"}],"version-history":[{"count":7,"href":"https:\/\/old.atletikaolomouc.cz\/index.php?rest_route=\/wp\/v2\/pages\/27664\/revisions"}],"predecessor-version":[{"id":32820,"href":"https:\/\/old.atletikaolomouc.cz\/index.php?rest_route=\/wp\/v2\/pages\/27664\/revisions\/32820"}],"wp:attachment":[{"href":"https:\/\/old.atletikaolomouc.cz\/index.php?rest_route=%2Fwp%2Fv2%2Fmedia&parent=27664"}],"curies":[{"name":"wp","href":"https:\/\/api.w.org\/{rel}","templated":true}]}}