{"id":5590,"date":"2015-02-27T19:02:19","date_gmt":"2015-02-27T18:02:19","guid":{"rendered":"http:\/\/www.atletikaolomouc.cz\/?page_id=5590"},"modified":"2022-06-29T09:29:50","modified_gmt":"2022-06-29T07:29:50","slug":"team-manual","status":"publish","type":"page","link":"https:\/\/old.atletikaolomouc.cz\/?page_id=5590","title":{"rendered":"Team manual 2022 ENG"},"content":{"rendered":"<div>\n<p><span style=\"font-family: arial, helvetica, sans-serif;\"><a href=\"https:\/\/www.atletikaolomouc.cz\/wp-content\/uploads\/2021\/12\/LogoCO2022.png\"><img decoding=\"async\" loading=\"lazy\" class=\"alignnone size-full wp-image-32836\" src=\"https:\/\/www.atletikaolomouc.cz\/wp-content\/uploads\/2021\/12\/LogoCO2022.png\" alt=\"\" width=\"1290\" height=\"558\" srcset=\"https:\/\/old.atletikaolomouc.cz\/wp-content\/uploads\/2021\/12\/LogoCO2022.png 1290w, https:\/\/old.atletikaolomouc.cz\/wp-content\/uploads\/2021\/12\/LogoCO2022-300x130.png 300w, https:\/\/old.atletikaolomouc.cz\/wp-content\/uploads\/2021\/12\/LogoCO2022-768x332.png 768w, https:\/\/old.atletikaolomouc.cz\/wp-content\/uploads\/2021\/12\/LogoCO2022-800x346.png 800w\" sizes=\"(max-width: 1290px) 100vw, 1290px\" \/><\/a><\/span><\/p>\n<table id=\"tabprop\">\n<tbody>\n<tr>\n<td><span style=\"font-family: arial, helvetica, sans-serif;\">Venue:<\/span><\/td>\n<td><span style=\"font-family: arial, helvetica, sans-serif;\">AK Olomouc, 17. listopadu 3, Olomouc<\/span><\/td>\n<\/tr>\n<tr>\n<td><span style=\"font-family: arial, helvetica, sans-serif;\">Date:<\/span><\/td>\n<td><span style=\"font-family: arial, helvetica, sans-serif;\">7th-10th of July 2022<\/span><\/td>\n<\/tr>\n<tr>\n<td><span style=\"font-family: arial, helvetica, sans-serif;\">Head of LOC:<\/span><\/td>\n<td><span style=\"font-family: arial, helvetica, sans-serif;\">Pavel Vrzala<\/span><\/td>\n<\/tr>\n<tr>\n<td><span style=\"font-family: arial, helvetica, sans-serif;\">Technical director:<\/span><\/td>\n<td><span style=\"font-family: arial, helvetica, sans-serif;\">Drahoslav Do\u010dkal<\/span><\/td>\n<\/tr>\n<tr>\n<td><span style=\"font-family: arial, helvetica, sans-serif;\">Competition secretary:<\/span><\/td>\n<td><span style=\"font-family: arial, helvetica, sans-serif;\">Vendula \u0160ebe\u010dkov\u00e1<\/span><\/td>\n<\/tr>\n<tr>\n<td><span style=\"font-family: arial, helvetica, sans-serif;\">Chief referee:<\/span><\/td>\n<td><span style=\"font-family: arial, helvetica, sans-serif;\">Iva Machov\u00e1<\/span><\/td>\n<\/tr>\n<tr>\n<td><span style=\"font-family: arial, helvetica, sans-serif;\">Competition office:<\/span><\/td>\n<td><span style=\"font-family: arial, helvetica, sans-serif;\">Ji\u0159\u00ed Novotn\u00fd<\/span><\/td>\n<\/tr>\n<tr>\n<td><span style=\"font-family: arial, helvetica, sans-serif;\">Contact address:<\/span><\/td>\n<td><span style=\"font-family: arial, helvetica, sans-serif;\"><a href=\"mailto:czechopen@hotmail.com\">czechopen@hotmail.com<\/a><\/span><\/td>\n<\/tr>\n<tr>\n<td><span style=\"font-family: arial, helvetica, sans-serif;\">Website:<\/span><\/td>\n<td><span style=\"font-family: arial, helvetica, sans-serif;\"><a href=\"http:\/\/czechopen.atletikaolomouc.cz\/\" target=\"_blank\" rel=\"noopener\">http:\/\/czechopen.atletikaolomouc.cz<\/a><\/span><\/td>\n<\/tr>\n<\/tbody>\n<\/table>\n<\/div>\n<div>&nbsp;<\/div>\n<div>\n<h5><span style=\"font-family: arial, helvetica, sans-serif;\">Entries:<\/span><br \/>\n<span style=\"font-family: arial, helvetica, sans-serif;\"><span style=\"color: #000000; line-height: 18px;\"><strong>Deadline for sending entries is 15th of June.<\/strong> We cannot guarantee services for entries received after the deadline. Only official entry file, fully completed in all sheets, will be accepted.&nbsp;<\/span><strong style=\"line-height: 18px;\">Accommodation is reserved from 7th &#8211; 10th of July, any request for earlier accommodation or later departure should be made known with entries.<\/strong><\/span><\/h5>\n<p><span style=\"font-family: arial, helvetica, sans-serif;\">ENTRY FILE DOWNLOAD &#8211;&nbsp;The submission of the entry is now closed.<\/span><\/p>\n<\/div>\n<div>\n<h5><span style=\"font-family: arial, helvetica, sans-serif;\">Schedule:<\/span><br \/>\n<span style=\"color: #000000; font-family: arial, helvetica, sans-serif;\">Preliminary timetable (subject to change) can be found <a href=\"https:\/\/www.atletikaolomouc.cz\/wp-content\/uploads\/2022\/06\/preliminary_timetable_czech_open_22.docx\">here<\/a>.<\/span><\/h5>\n<p><span style=\"font-family: arial, helvetica, sans-serif;\"><img decoding=\"async\" loading=\"lazy\" class=\"aligncenter\" src=\"http:\/\/www.atletikaolomouc.cz\/wp-content\/gallery\/czechopen-2012\/dsc_3176.jpg\" alt=\"\" width=\"389\" height=\"259\"><\/span><\/p>\n<\/div>\n<div>\n<p class=\"moz-quote-pre\"><span style=\"font-family: arial, helvetica, sans-serif;\"><span style=\"color: #ff0000;\">NEW !!!<\/span> &#8211; Athletes U20 are welcome and will compete and be awarded separately from adults classes.<\/span><\/p>\n<\/div>\n<div>\n<p><span style=\"color: #ff0000; font-family: arial, helvetica, sans-serif;\">Conditions for participation:<\/span><br \/>\n<span style=\"color: #000000; line-height: 18px; font-family: arial, helvetica, sans-serif;\">Participants have to be entered for the competition in time, prior to the deadline. Athletes allowed in classes T\/F10-20-30-40-50-60.<\/span><\/p>\n<p><span style=\"font-family: arial, helvetica, sans-serif;\"><span style=\"color: #c5390e; font-size: 1em; line-height: 1.5em;\">Fees:<br \/>\n<\/span>Participation for athletes will be 40 EUR (competition fee, local transport, drinks during the competition&nbsp;and use of sports facilities included).<\/span><\/p>\n<\/div>\n<div>\n<div><span style=\"color: #ff0000; font-family: arial, helvetica, sans-serif;\">Accommodation:<\/span><\/div>\n<ul>\n<li style=\"list-style-type: none;\">\n<ul>\n<li><span style=\"font-family: arial, helvetica, sans-serif;\">Student&#8217;s hostel accommodation &#8211; cca 50 EUR per person and night (full board).<\/span><\/li>\n<li><span style=\"font-family: arial, helvetica, sans-serif;\">Hotel accommodation &#8211; cca 80 EUR per person and night (full board).<\/span><\/li>\n<\/ul>\n<\/li>\n<\/ul>\n<p><span style=\"font-family: arial, helvetica, sans-serif;\"><strong>An invoice will be issued as soon as the entry form is received.<\/strong><\/span><\/p>\n<\/div>\n<h6><span style=\"font-family: arial, helvetica, sans-serif;\">Bank account (EUR):<\/span><br \/>\n<span style=\"color: #000000; line-height: 18px; font-family: arial, helvetica, sans-serif;\">Fio banka<br \/>\nAcconout number: 2701887467\/2010<br \/>\nIBAN: CZ59 2010 0000 0027 0188 7467<br \/>\nSWIFT-BIC: FIOBCZPPXXX<br \/>\nBeneficiary: Atletick\u00fd klub Olomouc z.s.<\/span><\/h6>\n<p><span style=\"font-family: arial, helvetica, sans-serif;\"><img decoding=\"async\" loading=\"lazy\" class=\"aligncenter wp-image-5682\" title=\"IMG_7308\" src=\"http:\/\/www.atletikaolomouc.cz\/wp-content\/uploads\/2015\/02\/IMG_7308-800x533.jpg\" alt=\"\" width=\"396\" height=\"263\" srcset=\"https:\/\/old.atletikaolomouc.cz\/wp-content\/uploads\/2015\/02\/IMG_7308-800x533.jpg 800w, https:\/\/old.atletikaolomouc.cz\/wp-content\/uploads\/2015\/02\/IMG_7308-300x199.jpg 300w, https:\/\/old.atletikaolomouc.cz\/wp-content\/uploads\/2015\/02\/IMG_7308-325x215.jpg 325w, https:\/\/old.atletikaolomouc.cz\/wp-content\/uploads\/2015\/02\/IMG_7308.jpg 2048w\" sizes=\"(max-width: 396px) 100vw, 396px\" \/><\/span><\/p>\n<div>\n<h5><span style=\"font-family: arial, helvetica, sans-serif;\">Registration:<\/span><br \/>\n<span style=\"color: #000000; line-height: 18px; font-family: arial, helvetica, sans-serif;\">Team manager or competitor will submit:<\/span><\/h5>\n<ul>\n<li><span style=\"font-family: arial, helvetica, sans-serif;\">Confirmation about participation fees transfer,<\/span><\/li>\n<li><span style=\"font-family: arial, helvetica, sans-serif;\">IPC classification card,<\/span><\/li>\n<li><span style=\"font-family: arial, helvetica, sans-serif;\">Copy of entry form.<\/span><\/li>\n<\/ul>\n<\/div>\n<div>\n<h5><span style=\"font-family: arial, helvetica, sans-serif;\">Classification:<\/span><br \/>\n<span style=\"color: #000000; line-height: 18px; font-family: arial, helvetica, sans-serif;\">National only<\/span><\/h5>\n<\/div>\n<div>\n<h5><span style=\"font-family: arial, helvetica, sans-serif;\">Technical Meeting:<\/span><br \/>\n<span style=\"color: #000000; line-height: 18px; font-family: arial, helvetica, sans-serif;\">Time and place for the technical meeting will be specified soon. For team managers or athletes it will be the last chance for time schedule as well as start list changes.<\/span><\/h5>\n<\/div>\n<div>\n<h5><span style=\"font-family: arial, helvetica, sans-serif;\">Rules:<\/span><br \/>\n<span style=\"color: #000000; line-height: 18px; font-family: arial, helvetica, sans-serif;\">IPC athletics rules.<\/span><\/h5>\n<p><span style=\"color: #ff0000; font-family: arial, helvetica, sans-serif;\">Covid tests:<\/span><br \/>\n<span style=\"color: #000000; font-family: arial, helvetica, sans-serif;\">Covid tests will be allowed for those who need a pcr \/ antigen test to return to their country.<\/span><br \/>\n<span style=\"color: #000000; font-family: arial, helvetica, sans-serif;\">Both race days 8.-9.7. in the evening around 7-8 p.m. o&#8217;clock there will be an opportunity to be tested at the stadium.<\/span><br \/>\n<span style=\"font-family: arial, helvetica, sans-serif;\"><strong><span style=\"color: #000000;\">One test = 45 EUR &#8211; cash payment<\/span><\/strong><\/span><\/p>\n<h5><span style=\"font-family: arial, helvetica, sans-serif;\">Track:<\/span><br \/>\n<span style=\"color: #000000; font-family: arial, helvetica, sans-serif;\">Polytan<\/span><\/h5>\n<\/div>\n<div>\n<h5><span style=\"font-family: arial, helvetica, sans-serif;\"><span style=\"font-size: 1em; line-height: 1.5em;\">Events:<br \/>\n<\/span><span style=\"color: #000000; line-height: 18px;\">All events in case of interest at least 2 athletes. Medals to be provided only for events with at least 3 athletes. Athletes allowed in classes T\/F10-20-30-40-50-60.<\/span><\/span><\/h5>\n<\/div>\n<div>\n<h5><span style=\"font-family: arial, helvetica, sans-serif;\">Protests:<\/span><br \/>\n<span style=\"color: #000000; line-height: 18px; font-family: arial, helvetica, sans-serif;\">Have to be submitted to the Competition Office written on the official form with a deposit of CZK 500,- (EUR 20,00) within 30 minutes after the official results announcement.<\/span><\/h5>\n<\/div>\n<div>\n<h5><span style=\"font-family: arial, helvetica, sans-serif;\">Transportation:<\/span><br \/>\n<span style=\"color: #000000; line-height: 18px; font-family: arial, helvetica, sans-serif;\">Transfer from and to airport will be is possible, the price is determined by the number of people, mode of transport and place of arrival: Prague airport (Brno airport, Ostrava airport). Olomouc stadium\/hotel transfer and return will be free.&nbsp; <a href=\"https:\/\/www.atletikaolomouc.cz\/?page_id=5599\" target=\"_blank\" rel=\"noopener\">CLICK HERE FOR MORE.<\/a><\/span><\/h5>\n<\/div>\n<div>\n<h5><span style=\"font-family: arial, helvetica, sans-serif;\">Conclusion:<\/span><br \/>\n<span style=\"font-family: arial, helvetica, sans-serif;\"><span style=\"color: #000000; line-height: 18px;\">All participants have the duty to observe safety regulations and other regulations of the organizer.&nbsp;<\/span><strong style=\"line-height: 18px;\">The organizer reserves the right to make changes in the schedule.<\/strong><\/span><\/h5>\n<p style=\"text-align: left;\"><span style=\"font-family: arial, helvetica, sans-serif;\"><img decoding=\"async\" loading=\"lazy\" class=\"aligncenter size-medium wp-image-5683\" title=\"_MG_7287\" src=\"http:\/\/www.atletikaolomouc.cz\/wp-content\/uploads\/2015\/02\/MG_7287-300x199.jpg\" alt=\"\" width=\"300\" height=\"199\" srcset=\"https:\/\/old.atletikaolomouc.cz\/wp-content\/uploads\/2015\/02\/MG_7287-300x199.jpg 300w, https:\/\/old.atletikaolomouc.cz\/wp-content\/uploads\/2015\/02\/MG_7287-800x533.jpg 800w, https:\/\/old.atletikaolomouc.cz\/wp-content\/uploads\/2015\/02\/MG_7287-325x215.jpg 325w, https:\/\/old.atletikaolomouc.cz\/wp-content\/uploads\/2015\/02\/MG_7287.jpg 2048w\" sizes=\"(max-width: 300px) 100vw, 300px\" \/><\/span><\/p>\n<\/div>\n","protected":false},"excerpt":{"rendered":"<p>Venue: AK Olomouc, 17. listopadu 3, Olomouc Date: 7th-10th of July 2022 Head of LOC: Pavel Vrzala Technical director: Drahoslav Do\u010dkal Competition secretary: Vendula \u0160ebe\u010dkov\u00e1 Chief referee: Iva Machov\u00e1 Competition office: Ji\u0159\u00ed Novotn\u00fd Contact address: czechopen@hotmail.com Website: http:\/\/czechopen.atletikaolomouc.cz &nbsp; Entries: &hellip; <a href=\"https:\/\/old.atletikaolomouc.cz\/?page_id=5590\">Continue reading <span class=\"meta-nav\">&rarr;<\/span><\/a><\/p>\n","protected":false},"author":3,"featured_media":0,"parent":5588,"menu_order":0,"comment_status":"closed","ping_status":"closed","template":"","meta":{"ngg_post_thumbnail":0},"_links":{"self":[{"href":"https:\/\/old.atletikaolomouc.cz\/index.php?rest_route=\/wp\/v2\/pages\/5590"}],"collection":[{"href":"https:\/\/old.atletikaolomouc.cz\/index.php?rest_route=\/wp\/v2\/pages"}],"about":[{"href":"https:\/\/old.atletikaolomouc.cz\/index.php?rest_route=\/wp\/v2\/types\/page"}],"author":[{"embeddable":true,"href":"https:\/\/old.atletikaolomouc.cz\/index.php?rest_route=\/wp\/v2\/users\/3"}],"replies":[{"embeddable":true,"href":"https:\/\/old.atletikaolomouc.cz\/index.php?rest_route=%2Fwp%2Fv2%2Fcomments&post=5590"}],"version-history":[{"count":81,"href":"https:\/\/old.atletikaolomouc.cz\/index.php?rest_route=\/wp\/v2\/pages\/5590\/revisions"}],"predecessor-version":[{"id":34559,"href":"https:\/\/old.atletikaolomouc.cz\/index.php?rest_route=\/wp\/v2\/pages\/5590\/revisions\/34559"}],"up":[{"embeddable":true,"href":"https:\/\/old.atletikaolomouc.cz\/index.php?rest_route=\/wp\/v2\/pages\/5588"}],"wp:attachment":[{"href":"https:\/\/old.atletikaolomouc.cz\/index.php?rest_route=%2Fwp%2Fv2%2Fmedia&parent=5590"}],"curies":[{"name":"wp","href":"https:\/\/api.w.org\/{rel}","templated":true}]}}