{"id":5601,"date":"2015-02-27T19:47:32","date_gmt":"2015-02-27T18:47:32","guid":{"rendered":"http:\/\/www.atletikaolomouc.cz\/?page_id=5601"},"modified":"2022-06-28T19:29:21","modified_gmt":"2022-06-28T17:29:21","slug":"downloads","status":"publish","type":"page","link":"https:\/\/old.atletikaolomouc.cz\/?page_id=5601","title":{"rendered":"Entry\/P\u0159ihl\u00e1\u0161ka"},"content":{"rendered":"<p><span style=\"font-size: 14pt;\"><strong>Pro vypln\u011bn\u00ed P\u0159ihla\u0161ovac\u00edho formul\u00e1\u0159e klikn\u011bte na odkaz n\u00ed\u017ee.<br \/>\n<\/strong><\/span><span style=\"font-size: 14pt;\"><strong>\/\/<br \/>\nFor access to the Entry File clickthrough the link below.<\/strong><\/span><\/p>\n<p>Pod\u00e1v\u00e1n\u00ed p\u0159ihl\u00e1\u0161ek bylo ukon\u010deno. \/\/ The submission of the entry is now closed.<\/p>\n","protected":false},"excerpt":{"rendered":"<p>Pro vypln\u011bn\u00ed P\u0159ihla\u0161ovac\u00edho formul\u00e1\u0159e klikn\u011bte na odkaz n\u00ed\u017ee. \/\/ For access to the Entry File clickthrough the link below. Pod\u00e1v\u00e1n\u00ed p\u0159ihl\u00e1\u0161ek bylo ukon\u010deno. \/\/ The submission of the entry is now closed.<\/p>\n","protected":false},"author":3,"featured_media":0,"parent":5588,"menu_order":0,"comment_status":"closed","ping_status":"closed","template":"","meta":{"ngg_post_thumbnail":0},"_links":{"self":[{"href":"https:\/\/old.atletikaolomouc.cz\/index.php?rest_route=\/wp\/v2\/pages\/5601"}],"collection":[{"href":"https:\/\/old.atletikaolomouc.cz\/index.php?rest_route=\/wp\/v2\/pages"}],"about":[{"href":"https:\/\/old.atletikaolomouc.cz\/index.php?rest_route=\/wp\/v2\/types\/page"}],"author":[{"embeddable":true,"href":"https:\/\/old.atletikaolomouc.cz\/index.php?rest_route=\/wp\/v2\/users\/3"}],"replies":[{"embeddable":true,"href":"https:\/\/old.atletikaolomouc.cz\/index.php?rest_route=%2Fwp%2Fv2%2Fcomments&post=5601"}],"version-history":[{"count":36,"href":"https:\/\/old.atletikaolomouc.cz\/index.php?rest_route=\/wp\/v2\/pages\/5601\/revisions"}],"predecessor-version":[{"id":34551,"href":"https:\/\/old.atletikaolomouc.cz\/index.php?rest_route=\/wp\/v2\/pages\/5601\/revisions\/34551"}],"up":[{"embeddable":true,"href":"https:\/\/old.atletikaolomouc.cz\/index.php?rest_route=\/wp\/v2\/pages\/5588"}],"wp:attachment":[{"href":"https:\/\/old.atletikaolomouc.cz\/index.php?rest_route=%2Fwp%2Fv2%2Fmedia&parent=5601"}],"curies":[{"name":"wp","href":"https:\/\/api.w.org\/{rel}","templated":true}]}}