{"id":6230,"date":"2015-08-27T15:14:02","date_gmt":"2015-08-27T13:14:02","guid":{"rendered":"http:\/\/www.atletikaolomouc.cz\/?page_id=6230"},"modified":"2024-04-22T15:20:42","modified_gmt":"2024-04-22T13:20:42","slug":"results","status":"publish","type":"page","link":"https:\/\/old.atletikaolomouc.cz\/?page_id=6230","title":{"rendered":"Results\/V\u00fdsledky"},"content":{"rendered":"<h4><span style=\"color: #000000; font-family: helvetica, arial, sans-serif; font-size: 14pt;\"><strong><span style=\"text-decoration: underline;\">Czech Open 2023<br \/><\/span><\/strong><\/span><span style=\"color: #000000;\"><span style=\"font-family: helvetica, arial, sans-serif; font-size: 14pt;\">P\u00e1tek 25.8.2023 v\u00fdsledky <a href=\"https:\/\/old.atletikaolomouc.cz\/wp-content\/uploads\/2023\/08\/Czech-open-2023-vysledky-patek.pdf\">PDF<\/a>\/Friday 25.8.2023 results <a href=\"https:\/\/old.atletikaolomouc.cz\/wp-content\/uploads\/2023\/08\/Czech-open-2023-vysledky-patek.pdf\">PDF<\/a><\/span><span style=\"font-family: helvetica, arial, sans-serif; font-size: 14pt;\"><br \/>Sobota 26.8.2023 v\u00fdsledky <a href=\"https:\/\/old.atletikaolomouc.cz\/wp-content\/uploads\/2023\/08\/Czech-open-2023-vysledky-sobota.pdf\">PDF<\/a>\/Saturday 26.8.2023 results <a href=\"https:\/\/old.atletikaolomouc.cz\/wp-content\/uploads\/2023\/08\/Czech-open-2023-vysledky-sobota.pdf\">PDF<\/a><br \/>Speci\u00e1ln\u00ed olympi\u00e1dy v\u00fdsledky <a href=\"https:\/\/old.atletikaolomouc.cz\/wp-content\/uploads\/2023\/08\/Czech-Open-SPEC-2023-vysledky.xls\">PDF<\/a><\/span><\/span><\/h4>\r\n<h4><span style=\"color: #000000; font-family: helvetica, arial, sans-serif; font-size: 14pt;\"><strong><span style=\"text-decoration: underline;\">Czech Open 2022<\/span><\/strong><br \/>P\u00e1tek 8.7.2022 v\u00fdsledky\u00a0<a href=\"https:\/\/old.atletikaolomouc.cz\/wp-content\/uploads\/2022\/07\/CZECHOPEN-2022-v\u00fdsledky-08-07-2022-p\u00e1tek.pdf\">PDF<\/a>\/Friday 8.7.2022 results <a href=\"https:\/\/old.atletikaolomouc.cz\/wp-content\/uploads\/2022\/07\/CZECHOPEN-2022-v\u00fdsledky-08-07-2022-p\u00e1tek.pdf\">PDF<\/a><\/span><br \/><span style=\"color: #000000; font-family: helvetica, arial, sans-serif; font-size: 14pt;\">Sobotn\u00ed 9.7.2022 v\u00fdsledky <a href=\"https:\/\/old.atletikaolomouc.cz\/wp-content\/uploads\/2022\/07\/CZECHOPEN-2022-v\u00fdsledky-09-07-2022-p\u00e1tek.pdf\">PDF<\/a>\/Saturday 9.7.2022 results <a href=\"https:\/\/old.atletikaolomouc.cz\/wp-content\/uploads\/2022\/07\/CZECHOPEN-2022-v\u00fdsledky-09-07-2022-p\u00e1tek.pdf\">PDF<\/a><\/span><\/h4>\r\n<h4><span style=\"font-family: helvetica, arial, sans-serif; font-size: 14pt;\"><strong><span style=\"text-decoration: underline;\">Czech Open 2021<\/span><br \/><\/strong><span style=\"color: #000000;\">Friday results &#8211; <a href=\"https:\/\/old.atletikaolomouc.cz\/wp-content\/uploads\/2021\/07\/Czech-open-p\u00e1tek-komplet.pdf\" target=\"_blank\" rel=\"noopener\"><span style=\"color: #ff6600;\">PDF<\/span><\/a><\/span><\/span><br \/><span style=\"color: #000000; font-size: 14pt; font-family: helvetica, arial, sans-serif;\">Saturday results &#8211; <a href=\"https:\/\/old.atletikaolomouc.cz\/wp-content\/uploads\/2021\/07\/v\u00fdsledky-sobota-komplet.pdf\" target=\"_blank\" rel=\"noopener\"><span style=\"color: #ff6600;\">PDF<\/span><\/a><\/span><\/h4>\r\n<h4><span style=\"color: #000000; font-family: helvetica, arial, sans-serif; font-size: 14pt;\"><span style=\"text-decoration: underline;\"><strong>Virtual Czech Open 2020<br \/><\/strong><\/span>Can be found <span style=\"color: #ff6600;\"><a style=\"color: #ff6600;\" href=\"https:\/\/www.atletikaolomouc.cz\/?p=20734\" target=\"_blank\" rel=\"noopener\">here<\/a><\/span>\/Naleznete <span style=\"color: #ff6600;\"><a style=\"color: #ff6600;\" href=\"https:\/\/www.atletikaolomouc.cz\/?p=20734\" target=\"_blank\" rel=\"noopener\">zde<\/a><\/span><\/span><\/h4>\r\n<h4><span style=\"color: #000000; font-family: helvetica, arial, sans-serif; font-size: 14pt;\"><span style=\"text-decoration: underline;\"><strong>Czech Open 2020<br \/><\/strong><\/span>Complete results\/Kompletn\u00ed v\u00fdsledky &#8211; <span style=\"color: #ff6600;\"><a style=\"color: #ff6600;\" href=\"http:\/\/www.atletikaolomouc.cz\/wp-content\/uploads\/2020\/08\/v\u00fdsledky-CZO-komplet-1.pdf\" target=\"_blank\" rel=\"noopener\">PDF<\/a><\/span><\/span><\/h4>\r\n<h4><span style=\"color: #000000; font-family: helvetica, arial, sans-serif; font-size: 14pt;\"><span style=\"text-decoration: underline;\"><strong>Czech Open 2019<br \/><\/strong><\/span>Friday results &#8211; <span style=\"color: #ff6600;\"><a style=\"color: #ff6600;\" href=\"http:\/\/www.atletikaolomouc.cz\/wp-content\/uploads\/2019\/08\/Czech_open_2019_08_16_complet.pdf\" target=\"_blank\" rel=\"noopener\">PDF<\/a><\/span><\/span><br \/><span style=\"color: #000000; font-family: helvetica, arial, sans-serif; font-size: 14pt;\">Saturday results &#8211; <span style=\"color: #ff6600;\"><a style=\"color: #ff6600;\" href=\"http:\/\/www.atletikaolomouc.cz\/wp-content\/uploads\/2019\/08\/Czech_open_2019_08_17_complet.pdf\" target=\"_blank\" rel=\"noopener\">PDF<\/a><\/span><\/span><\/h4>\r\n<h4><span style=\"color: #000000; font-family: helvetica, arial, sans-serif; font-size: 14pt;\"><span style=\"text-decoration: underline;\"><strong>Czech Open 2017<br \/><\/strong><\/span>Can be found <a style=\"color: #000000;\" href=\"https:\/\/www.atletikaolomouc.cz\/?p=20731\" target=\"_blank\" rel=\"noopener\"><span style=\"color: #ff6600;\">here<\/span><\/a>\/Naleznete <span style=\"color: #ff6600;\"><a style=\"color: #ff6600;\" href=\"https:\/\/www.atletikaolomouc.cz\/?p=20731\" target=\"_blank\" rel=\"noopener\">zde<\/a><\/span><\/span><\/h4>\r\n<h4><span style=\"color: #000000; font-family: helvetica, arial, sans-serif; font-size: 14pt;\"><span style=\"text-decoration: underline;\"><strong>Czech Open 2016<br \/><\/strong><\/span>Complete results &#8211; <a style=\"color: #000000;\" href=\"http:\/\/www.atletikaolomouc.cz\/wp-content\/uploads\/2015\/08\/Czech-Opene-2016-results-all.pdf\" target=\"_blank\" rel=\"noopener\"><span style=\"color: #ff6600;\">PDF<\/span><\/a><\/span><\/h4>\r\n<h4><span style=\"color: #000000; font-family: helvetica, arial, sans-serif; font-size: 14pt;\"><span style=\"text-decoration: underline;\"><strong>Czech Open 2015<br \/><\/strong><\/span>Can be found <a style=\"color: #000000;\" href=\"\/\/www.atletikaolomouc.cz\/?p=20729\" target=\"_blank\" rel=\"noopener\"><span style=\"color: #ff6600;\">here<\/span><\/a>\/Naleznete <span style=\"color: #ff6600;\"><a style=\"color: #ff6600;\" href=\"\/\/www.atletikaolomouc.cz\/?p=20729\" target=\"_blank\" rel=\"noopener\">zde<\/a><\/span><\/span><\/h4>\r\n<h4><span style=\"color: #000000; font-family: helvetica, arial, sans-serif; font-size: 14pt;\"><span style=\"text-decoration: underline;\"><strong>Czech Open 2014<br \/><\/strong><\/span>Complete results &#8211; <a style=\"color: #000000;\" href=\"https:\/\/www.atletikaolomouc.cz\/wp-content\/uploads\/2015\/02\/results_2014.pdf\" target=\"_blank\" rel=\"noopener\"><span style=\"color: #ff6600;\">PDF<\/span><\/a><\/span><\/h4>\r\n<h4><span style=\"color: #000000; font-family: helvetica, arial, sans-serif; font-size: 14pt;\"><span style=\"text-decoration: underline;\"><strong>Czech Open 2012<br \/><\/strong><\/span>Complete results &#8211; <span style=\"color: #ff6600;\"><a style=\"color: #ff6600;\" href=\"https:\/\/www.atletikaolomouc.cz\/wp-content\/uploads\/2015\/02\/czech_open_2012_results_complete.pdf\" target=\"_blank\" rel=\"noopener\">PDF<\/a><\/span><\/span><\/h4>\r\n<h4><span style=\"color: #000000; font-family: helvetica, arial, sans-serif; font-size: 14pt;\"><span style=\"text-decoration: underline;\"><strong>Czech Open 2011<br \/><\/strong><\/span>Complete results &#8211; <span style=\"color: #ff6600;\"><a style=\"color: #ff6600;\" href=\"https:\/\/www.atletikaolomouc.cz\/wp-content\/uploads\/2015\/02\/complet_results_czechopen_2011.pdf\" target=\"_blank\" rel=\"noopener\">PDF<\/a><\/span><\/span><\/h4>\r\n<p><span style=\"font-family: helvetica, arial, sans-serif;\"><\/span><\/p>","protected":false},"excerpt":{"rendered":"<p>Czech Open 2023P\u00e1tek 25.8.2023 v\u00fdsledky PDF\/Friday 25.8.2023 results PDFSobota 26.8.2023 v\u00fdsledky PDF\/Saturday 26.8.2023 results PDFSpeci\u00e1ln\u00ed olympi\u00e1dy v\u00fdsledky PDF Czech Open 2022P\u00e1tek 8.7.2022 v\u00fdsledky\u00a0PDF\/Friday 8.7.2022 results PDFSobotn\u00ed 9.7.2022 v\u00fdsledky PDF\/Saturday 9.7.2022 results PDF Czech Open 2021Friday results &#8211; PDFSaturday results &#8211; &hellip; <a href=\"https:\/\/old.atletikaolomouc.cz\/?page_id=6230\">Continue reading <span class=\"meta-nav\">&rarr;<\/span><\/a><\/p>\n","protected":false},"author":4,"featured_media":0,"parent":5588,"menu_order":0,"comment_status":"closed","ping_status":"closed","template":"","meta":{"ngg_post_thumbnail":0},"_links":{"self":[{"href":"https:\/\/old.atletikaolomouc.cz\/index.php?rest_route=\/wp\/v2\/pages\/6230"}],"collection":[{"href":"https:\/\/old.atletikaolomouc.cz\/index.php?rest_route=\/wp\/v2\/pages"}],"about":[{"href":"https:\/\/old.atletikaolomouc.cz\/index.php?rest_route=\/wp\/v2\/types\/page"}],"author":[{"embeddable":true,"href":"https:\/\/old.atletikaolomouc.cz\/index.php?rest_route=\/wp\/v2\/users\/4"}],"replies":[{"embeddable":true,"href":"https:\/\/old.atletikaolomouc.cz\/index.php?rest_route=%2Fwp%2Fv2%2Fcomments&post=6230"}],"version-history":[{"count":131,"href":"https:\/\/old.atletikaolomouc.cz\/index.php?rest_route=\/wp\/v2\/pages\/6230\/revisions"}],"predecessor-version":[{"id":36687,"href":"https:\/\/old.atletikaolomouc.cz\/index.php?rest_route=\/wp\/v2\/pages\/6230\/revisions\/36687"}],"up":[{"embeddable":true,"href":"https:\/\/old.atletikaolomouc.cz\/index.php?rest_route=\/wp\/v2\/pages\/5588"}],"wp:attachment":[{"href":"https:\/\/old.atletikaolomouc.cz\/index.php?rest_route=%2Fwp%2Fv2%2Fmedia&parent=6230"}],"curies":[{"name":"wp","href":"https:\/\/api.w.org\/{rel}","templated":true}]}}