{"id":7557,"date":"2016-05-13T11:39:37","date_gmt":"2016-05-13T09:39:37","guid":{"rendered":"http:\/\/www.atletikaolomouc.cz\/?page_id=7557"},"modified":"2020-09-01T12:47:15","modified_gmt":"2020-09-01T10:47:15","slug":"muzi-a-2","status":"publish","type":"page","link":"https:\/\/old.atletikaolomouc.cz\/?page_id=7557","title":{"rendered":"Mu\u017ei A"},"content":{"rendered":"<p style=\"text-align: center;\"><strong>I. n\u00e1rodn\u00ed liga mu\u017e\u016f a \u017een<\/strong><\/p>\n<p style=\"text-align: left;\"><strong>Vedouc\u00ed dru\u017estva:<\/strong><br \/>\nLibor Kalas<br \/>\ntel: 731 138 405<br \/>\nemail: <a href=\"mailto:libor.kalas@seznam.cz\">libor.kalas@seznam.cz<\/a><\/p>\n<p style=\"text-align: left;\"><strong>Term\u00edny:<\/strong><\/p>\n<table border=\"0\">\n<tbody>\n<tr>\n<td style=\"width: 72px;\">04.07.<\/td>\n<td style=\"width: 118px;\">1. kolo sout\u011b\u017ee<\/td>\n<td style=\"width: 157px;\">Olomouc<\/td>\n<td style=\"width: 104px;\"><a href=\"https:\/\/online.atletika.cz\/Propozice\/propozice\/44522\" target=\"_blank\" rel=\"noopener\">propozice<\/a><\/td>\n<td style=\"width: 85px;\"><a href=\"https:\/\/online.atletika.cz\/vysledky\/44522\" target=\"_blank\" rel=\"noopener\">v\u00fdsledky<\/a><\/td>\n<\/tr>\n<tr>\n<td style=\"width: 72px;\">18.07.<\/td>\n<td style=\"width: 118px;\">2. kolo sout\u011b\u017ee<\/td>\n<td style=\"width: 157px;\">Uhersk\u00e9 Hradi\u0161t\u011b<\/td>\n<td style=\"width: 104px;\"><a href=\"https:\/\/online.atletika.cz\/Propozice\/propozice\/45081\" target=\"_blank\" rel=\"noopener\">propozice<\/a><\/td>\n<td style=\"width: 85px;\"><a href=\"https:\/\/online.atletika.cz\/vysledky\/45081\" target=\"_blank\" rel=\"noopener\">v\u00fdsledky<\/a><\/td>\n<\/tr>\n<tr>\n<td style=\"width: 72px;\">22.08.<\/td>\n<td style=\"width: 118px;\">3. kolo sout\u011b\u017ee<\/td>\n<td style=\"width: 157px;\">B\u0159eclav<\/td>\n<td style=\"width: 104px;\"><a href=\"https:\/\/online.atletika.cz\/Propozice\/propozice\/44632\" target=\"_blank\" rel=\"noopener\">propozice<\/a><\/td>\n<td style=\"width: 85px;\"><a href=\"https:\/\/online.atletika.cz\/vysledky\/44632\/\" target=\"_blank\" rel=\"noopener\">v\u00fdsledky<\/a><\/td>\n<\/tr>\n<\/tbody>\n<\/table>\n<p style=\"text-align: left;\">&nbsp;<\/p>\n<p style=\"text-align: left;\"><strong>Zpravodaje:<\/strong><\/p>\n<table border=\"0\">\n<tbody>\n<tr>\n<td><a href=\"http:\/\/www.atletikaolomouc.cz\/wp-content\/uploads\/2020\/09\/Liga-2020-hodnocen-1.pdf\" target=\"_blank\" rel=\"noopener\">Zpravodaj po 3. kole<\/a><\/td>\n<td>&nbsp;<\/td>\n<\/tr>\n<tr>\n<td>&nbsp;<\/td>\n<td>&nbsp;<\/td>\n<\/tr>\n<\/tbody>\n<\/table>\n<p style=\"text-align: left;\"><strong>Po\u0159ad\u00ed dru\u017estev:<br \/>\n<\/strong><\/p>\n<table style=\"width: 319px;\" border=\"0\" cellspacing=\"0\" cellpadding=\"0\">\n<colgroup>\n<col width=\"40\">\n<col width=\"196\">\n<col width=\"85\"> <\/colgroup>\n<tbody>\n<tr>\n<td style=\"width: 41px;\" width=\"40\" height=\"21\">&nbsp;<\/td>\n<td style=\"width: 193px;\" width=\"196\">&nbsp;<\/td>\n<td style=\"width: 85px;\" width=\"85\">&nbsp;<\/td>\n<\/tr>\n<tr>\n<td style=\"text-align: left; width: 41px;\" align=\"right\" height=\"21\">&nbsp;<\/td>\n<td style=\"width: 193px;\">&nbsp;<\/td>\n<td style=\"width: 85px;\">&nbsp;<\/td>\n<\/tr>\n<tr>\n<td style=\"text-align: left; width: 41px;\" align=\"right\" height=\"21\">&nbsp;<\/td>\n<td style=\"width: 193px;\">&nbsp;<\/td>\n<td style=\"width: 85px;\">&nbsp;<\/td>\n<\/tr>\n<tr>\n<td style=\"text-align: left; width: 41px;\" align=\"right\" height=\"21\">&nbsp;<\/td>\n<td style=\"width: 193px;\">&nbsp;<\/td>\n<td style=\"width: 85px;\">&nbsp;<\/td>\n<\/tr>\n<tr>\n<td style=\"text-align: left; width: 41px;\" align=\"right\" height=\"21\">&nbsp;<\/td>\n<td style=\"width: 193px;\">&nbsp;<\/td>\n<td style=\"width: 85px;\">&nbsp;<\/td>\n<\/tr>\n<tr>\n<td style=\"text-align: left; width: 41px;\" align=\"right\" height=\"21\">&nbsp;<\/td>\n<td style=\"width: 193px;\">&nbsp;<\/td>\n<td class=\"aright bold\" style=\"width: 85px;\">&nbsp;<\/td>\n<\/tr>\n<tr>\n<td style=\"text-align: left; width: 41px;\" align=\"right\" height=\"21\">&nbsp;<\/td>\n<td style=\"width: 193px;\">&nbsp;<\/td>\n<td style=\"width: 85px;\">&nbsp;<\/td>\n<\/tr>\n<tr>\n<td style=\"text-align: left; width: 41px;\" align=\"right\" height=\"21\">&nbsp;<\/td>\n<td style=\"width: 193px;\">&nbsp;<\/td>\n<td class=\"aright bold\" style=\"width: 85px;\">&nbsp;<\/td>\n<\/tr>\n<tr>\n<td style=\"text-align: left; width: 41px;\" align=\"right\" height=\"21\">&nbsp;<\/td>\n<td style=\"width: 193px;\">&nbsp;<\/td>\n<td style=\"width: 85px;\">&nbsp;<\/td>\n<\/tr>\n<\/tbody>\n<\/table>\n<p style=\"text-align: left;\">&nbsp;<\/p>\n<p style=\"text-align: left;\"><strong>Bodov\u00e1n\u00ed dru\u017estva:<br \/>\n<\/strong><\/p>\n<table width=\"554\">\n<tbody>\n<tr>\n<td width=\"30\"><strong>\u010c.<\/strong><\/td>\n<td width=\"95\"><strong>P\u0159\u00edjmen\u00ed<\/strong><\/td>\n<td width=\"101\"><strong>Jm\u00e9no<\/strong><\/td>\n<td width=\"75\"><strong>1. kolo<\/strong><\/td>\n<td width=\"75\"><strong>2. kolo<\/strong><\/td>\n<td width=\"75\"><strong>3. kolo<\/strong><\/td>\n<td width=\"103\"><strong>CELKEM<\/strong><\/td>\n<\/tr>\n<tr>\n<td>1<\/td>\n<td>H\u00e9\u017ea<\/td>\n<td>Jakub<\/td>\n<td>23,00<\/td>\n<td>24,00<\/td>\n<td>&nbsp;<\/td>\n<td><strong>47,00<\/strong><\/td>\n<\/tr>\n<tr>\n<td>2<\/td>\n<td>Posp\u00ed\u0161il<\/td>\n<td>Jon\u00e1\u0161<\/td>\n<td>&nbsp;<\/td>\n<td>26,25<\/td>\n<td>19,75<\/td>\n<td><strong>46,00<\/strong><\/td>\n<\/tr>\n<tr>\n<td>3<\/td>\n<td>D\u00f6m\u00f6t\u00f6r<\/td>\n<td>Patrik<\/td>\n<td>23,25<\/td>\n<td>21,25<\/td>\n<td>&nbsp;<\/td>\n<td><strong>44,50<\/strong><\/td>\n<\/tr>\n<tr>\n<td>4<\/td>\n<td>Kov\u00e1\u0159<\/td>\n<td>Dan<\/td>\n<td>22,25<\/td>\n<td>12,75<\/td>\n<td>8,75<\/td>\n<td><strong>43,75<\/strong><\/td>\n<\/tr>\n<tr>\n<td>5<\/td>\n<td>Lawson<\/td>\n<td>Samuel<\/td>\n<td>11,00<\/td>\n<td>17,00<\/td>\n<td>15,00<\/td>\n<td><strong>43,00<\/strong><\/td>\n<\/tr>\n<tr>\n<td>6<\/td>\n<td>Murcko<\/td>\n<td>Oliver<\/td>\n<td>&nbsp;<\/td>\n<td>15,50<\/td>\n<td>23,50<\/td>\n<td><strong>39,00<\/strong><\/td>\n<\/tr>\n<tr>\n<td>7<\/td>\n<td>Hroch<\/td>\n<td>Michal<\/td>\n<td>11,00<\/td>\n<td>10,25<\/td>\n<td>11,75<\/td>\n<td><strong>33,00<\/strong><\/td>\n<\/tr>\n<tr>\n<td>8<\/td>\n<td>Gregu\u0161<\/td>\n<td>Jaroslav<\/td>\n<td>10,00<\/td>\n<td>&nbsp;<\/td>\n<td>21,00<\/td>\n<td><strong>31,00<\/strong><\/td>\n<\/tr>\n<tr>\n<td>9<\/td>\n<td>Smutn\u00fd<\/td>\n<td>\u0160t\u011bp\u00e1n<\/td>\n<td>14,00<\/td>\n<td>&nbsp;<\/td>\n<td>16,75<\/td>\n<td><strong>30,75<\/strong><\/td>\n<\/tr>\n<tr>\n<td>10<\/td>\n<td>Samuel<\/td>\n<td>Filip<\/td>\n<td>6,00<\/td>\n<td>9,00<\/td>\n<td>15,25<\/td>\n<td><strong>30,25<\/strong><\/td>\n<\/tr>\n<tr>\n<td>11<\/td>\n<td>Koudela<\/td>\n<td>Tom\u00e1\u0161<\/td>\n<td>&nbsp;<\/td>\n<td>12,00<\/td>\n<td>16,00<\/td>\n<td><strong>28,00<\/strong><\/td>\n<\/tr>\n<tr>\n<td>12<\/td>\n<td>Tesa\u0159<\/td>\n<td>Ond\u0159ej<\/td>\n<td>13,00<\/td>\n<td>7,75<\/td>\n<td>6,25<\/td>\n<td><strong>27,00<\/strong><\/td>\n<\/tr>\n<tr>\n<td>13<\/td>\n<td>Novotn\u00fd<\/td>\n<td>Ji\u0159\u00ed<\/td>\n<td>7,00<\/td>\n<td>4,50<\/td>\n<td>15,00<\/td>\n<td><strong>26,50<\/strong><\/td>\n<\/tr>\n<tr>\n<td>14<\/td>\n<td>Pokorn\u00fd<\/td>\n<td>Martin<\/td>\n<td>11,25<\/td>\n<td>14,25<\/td>\n<td>&nbsp;<\/td>\n<td><strong>25,50<\/strong><\/td>\n<\/tr>\n<tr>\n<td>15<\/td>\n<td>\u0160utera<\/td>\n<td>David<\/td>\n<td>&nbsp;<\/td>\n<td>11,00<\/td>\n<td>11,00<\/td>\n<td><strong>22,00<\/strong><\/td>\n<\/tr>\n<tr>\n<td>16<\/td>\n<td>K\u03cbnstler<\/td>\n<td>Marek<\/td>\n<td>7,00<\/td>\n<td>6,00<\/td>\n<td>8,75<\/td>\n<td><strong>21,75<\/strong><\/td>\n<\/tr>\n<tr>\n<td>17<\/td>\n<td>Svozil<\/td>\n<td>Luk\u00e1\u0161<\/td>\n<td>6,00<\/td>\n<td>8,00<\/td>\n<td>7,00<\/td>\n<td><strong>21,00<\/strong><\/td>\n<\/tr>\n<tr>\n<td>18<\/td>\n<td>B\u0159ezina&nbsp;<\/td>\n<td>Jakub<\/td>\n<td>7,00<\/td>\n<td>6,00<\/td>\n<td>7,00<\/td>\n<td><strong>20,00<\/strong><\/td>\n<\/tr>\n<tr>\n<td>19<\/td>\n<td>Vychodil<\/td>\n<td>Jaroslav<\/td>\n<td>6,00<\/td>\n<td>0,50<\/td>\n<td>10,75<\/td>\n<td><strong>17,25<\/strong><\/td>\n<\/tr>\n<tr>\n<td>20<\/td>\n<td>Do\u010dkal<\/td>\n<td>Luk\u00e1\u0161<\/td>\n<td>6,00<\/td>\n<td>8,00<\/td>\n<td>&nbsp;<\/td>\n<td><strong>14,00<\/strong><\/td>\n<\/tr>\n<tr>\n<td>21<\/td>\n<td>Hork\u00fd<\/td>\n<td>Ji\u0159\u00ed<\/td>\n<td>9,00<\/td>\n<td>&nbsp;<\/td>\n<td>&nbsp;<\/td>\n<td><strong>9,00<\/strong><\/td>\n<\/tr>\n<tr>\n<td>22<\/td>\n<td>Maier<\/td>\n<td>Michal<\/td>\n<td>&nbsp;<\/td>\n<td>9,00<\/td>\n<td>&nbsp;<\/td>\n<td><strong>9,00<\/strong><\/td>\n<\/tr>\n<tr>\n<td>23<\/td>\n<td>St\u0159eleck\u00fd<\/td>\n<td>Luk\u00e1\u0161<\/td>\n<td>&nbsp;<\/td>\n<td>&nbsp;<\/td>\n<td>8,00<\/td>\n<td><strong>8,00<\/strong><\/td>\n<\/tr>\n<tr>\n<td>24<\/td>\n<td>H\u00e1p<\/td>\n<td>Mat\u011bj<\/td>\n<td>&nbsp;<\/td>\n<td>&nbsp;<\/td>\n<td>7,75<\/td>\n<td><strong>7,75<\/strong><\/td>\n<\/tr>\n<tr>\n<td>25<\/td>\n<td>Smetana<\/td>\n<td>Jakub<\/td>\n<td>0,00<\/td>\n<td>6,00<\/td>\n<td>1,00<\/td>\n<td><strong>7,00<\/strong><\/td>\n<\/tr>\n<tr>\n<td>26<\/td>\n<td>Zedn\u00edk<\/td>\n<td>Ji\u0159\u00ed<\/td>\n<td>3,50<\/td>\n<td>&nbsp;<\/td>\n<td>&nbsp;<\/td>\n<td><strong>3,50<\/strong><\/td>\n<\/tr>\n<tr>\n<td>27<\/td>\n<td>Nevrla<\/td>\n<td>Daniel<\/td>\n<td>3,25<\/td>\n<td>&nbsp;<\/td>\n<td>&nbsp;<\/td>\n<td><strong>3,25<\/strong><\/td>\n<\/tr>\n<tr>\n<td>28<\/td>\n<td>Berger<\/td>\n<td>Jan<\/td>\n<td>&nbsp;<\/td>\n<td>&nbsp;<\/td>\n<td>3,00<\/td>\n<td><strong>3,00<\/strong><\/td>\n<\/tr>\n<tr>\n<td>29<\/td>\n<td>Dutelly<\/td>\n<td>Justin<\/td>\n<td>&nbsp;<\/td>\n<td>&nbsp;<\/td>\n<td>1,25<\/td>\n<td><strong>1,25<\/strong><\/td>\n<\/tr>\n<tr>\n<td>30<\/td>\n<td>Gogela<\/td>\n<td>Martin<\/td>\n<td>&nbsp;<\/td>\n<td>0,00<\/td>\n<td>&nbsp;<\/td>\n<td><strong>0,00<\/strong><\/td>\n<\/tr>\n<tr>\n<td>31<\/td>\n<td>&nbsp;<\/td>\n<td>&nbsp;<\/td>\n<td>&nbsp;<\/td>\n<td>&nbsp;<\/td>\n<td>&nbsp;<\/td>\n<td><strong>0,00<\/strong><\/td>\n<\/tr>\n<tr>\n<td>&nbsp;<\/td>\n<td>&nbsp;<\/td>\n<td>&nbsp;<\/td>\n<td>199,50<\/td>\n<td>229,00<\/td>\n<td>234,50<\/td>\n<td><strong>663,00<\/strong><\/td>\n<\/tr>\n<\/tbody>\n<\/table>\n<p style=\"text-align: left;\"><strong>&nbsp;<\/strong><\/p>\n","protected":false},"excerpt":{"rendered":"<p>I. n\u00e1rodn\u00ed liga mu\u017e\u016f a \u017een Vedouc\u00ed dru\u017estva: Libor Kalas tel: 731 138 405 email: libor.kalas@seznam.cz Term\u00edny: 04.07. 1. kolo sout\u011b\u017ee Olomouc propozice v\u00fdsledky 18.07. 2. kolo sout\u011b\u017ee Uhersk\u00e9 Hradi\u0161t\u011b propozice v\u00fdsledky 22.08. 3. kolo sout\u011b\u017ee B\u0159eclav propozice v\u00fdsledky &nbsp; &hellip; <a href=\"https:\/\/old.atletikaolomouc.cz\/?page_id=7557\">Continue reading <span class=\"meta-nav\">&rarr;<\/span><\/a><\/p>\n","protected":false},"author":4,"featured_media":0,"parent":0,"menu_order":0,"comment_status":"closed","ping_status":"closed","template":"","meta":{"ngg_post_thumbnail":0},"_links":{"self":[{"href":"https:\/\/old.atletikaolomouc.cz\/index.php?rest_route=\/wp\/v2\/pages\/7557"}],"collection":[{"href":"https:\/\/old.atletikaolomouc.cz\/index.php?rest_route=\/wp\/v2\/pages"}],"about":[{"href":"https:\/\/old.atletikaolomouc.cz\/index.php?rest_route=\/wp\/v2\/types\/page"}],"author":[{"embeddable":true,"href":"https:\/\/old.atletikaolomouc.cz\/index.php?rest_route=\/wp\/v2\/users\/4"}],"replies":[{"embeddable":true,"href":"https:\/\/old.atletikaolomouc.cz\/index.php?rest_route=%2Fwp%2Fv2%2Fcomments&post=7557"}],"version-history":[{"count":24,"href":"https:\/\/old.atletikaolomouc.cz\/index.php?rest_route=\/wp\/v2\/pages\/7557\/revisions"}],"predecessor-version":[{"id":33217,"href":"https:\/\/old.atletikaolomouc.cz\/index.php?rest_route=\/wp\/v2\/pages\/7557\/revisions\/33217"}],"wp:attachment":[{"href":"https:\/\/old.atletikaolomouc.cz\/index.php?rest_route=%2Fwp%2Fv2%2Fmedia&parent=7557"}],"curies":[{"name":"wp","href":"https:\/\/api.w.org\/{rel}","templated":true}]}}