{"id":7565,"date":"2016-05-13T11:50:37","date_gmt":"2016-05-13T09:50:37","guid":{"rendered":"http:\/\/www.atletikaolomouc.cz\/?page_id=7565"},"modified":"2022-08-23T11:06:37","modified_gmt":"2022-08-23T09:06:37","slug":"muzi-b","status":"publish","type":"page","link":"https:\/\/old.atletikaolomouc.cz\/?page_id=7565","title":{"rendered":"Mu\u017ei B"},"content":{"rendered":"<p style=\"text-align: center;\"><strong>II. n\u00e1rodn\u00ed liga mu\u017e\u016f a \u017een<\/strong><\/p>\n<p><strong>Vedouc\u00ed dru\u017estva:<\/strong><br \/>\nRadek Kopeck\u00fd<br \/>\ntel: 739 313 935<br \/>\nemail:&nbsp;<a href=\"mailto:radek.kopecky@atlas.cz\">radek.kopecky@atlas.cz<\/a><\/p>\n<p><strong>Term\u00edny:<\/strong><\/p>\n<table style=\"width: 523px; height: 109px;\" border=\"0\">\n<tbody>\n<tr>\n<td style=\"width: 79.3875px;\">14.kv\u011btna<\/td>\n<td style=\"width: 89.4375px;\">&nbsp;1.kolo&nbsp;<\/td>\n<td style=\"width: 136.65px;\">&nbsp;\u0160umperk<\/td>\n<td style=\"width: 91.4375px; text-align: center;\"><a href=\"https:\/\/online.atletika.cz\/Propozice\/propozice\/52633\">propozice<\/a><\/td>\n<td style=\"width: 94.4875px; text-align: center;\">&nbsp;<a href=\"https:\/\/online.atletika.cz\/vysledky\/52633\">v\u00fdsledky<\/a><\/td>\n<\/tr>\n<tr>\n<td style=\"width: 79.3875px;\">28.kv\u011btna<\/td>\n<td style=\"width: 89.4375px;\">&nbsp;2.kolo<\/td>\n<td style=\"width: 136.65px;\">&nbsp;Fr\u00fddek-M\u00edstek<\/td>\n<td style=\"width: 91.4375px; text-align: center;\"><a href=\"https:\/\/online.atletika.cz\/Propozice\/propozice\/52634\">propozice<\/a><\/td>\n<td style=\"width: 94.4875px; text-align: center;\"><a href=\"https:\/\/online.atletika.cz\/vysledky\/52634\">v\u00fdsledky<\/a><\/td>\n<\/tr>\n<tr>\n<td style=\"width: 79.3875px;\">12.\u010dervna<\/td>\n<td style=\"width: 89.4375px;\">&nbsp;3.kolo<\/td>\n<td style=\"width: 136.65px;\">&nbsp;Ostrava<\/td>\n<td style=\"width: 91.4375px; text-align: center;\"><a href=\"https:\/\/online.atletika.cz\/Propozice\/propozice\/52636\">propozice<\/a><\/td>\n<td style=\"width: 94.4875px; text-align: center;\"><a href=\"https:\/\/online.atletika.cz\/vysledky\/52636\">v\u00fdsledky<\/a><\/td>\n<\/tr>\n<tr>\n<td style=\"width: 79.3875px;\">21.srpna<\/td>\n<td style=\"width: 89.4375px;\">&nbsp;4.kolo<\/td>\n<td style=\"width: 136.65px;\">&nbsp;T\u0159inec<\/td>\n<td style=\"width: 91.4375px; text-align: center;\"><a href=\"https:\/\/online.atletika.cz\/Propozice\/propozice\/52635\">propozice<\/a><\/td>\n<td style=\"width: 94.4875px; text-align: center;\"><a href=\"https:\/\/online.atletika.cz\/vysledky\/52635\">v\u00fdsledky<\/a><\/td>\n<\/tr>\n<tr>\n<td style=\"width: 79.3875px;\">&nbsp;<\/td>\n<td style=\"width: 89.4375px;\">&nbsp;<\/td>\n<td style=\"width: 136.65px;\">&nbsp;<\/td>\n<td style=\"width: 91.4375px; text-align: center;\">&nbsp;<\/td>\n<td style=\"width: 94.4875px; text-align: center;\">&nbsp;<\/td>\n<\/tr>\n<\/tbody>\n<\/table>\n<p><strong>Zpravodaje:<\/strong><\/p>\n<table style=\"height: 125px;\" width=\"392\">\n<tbody>\n<tr>\n<td style=\"width: 188.6px; text-align: center;\"><a href=\"https:\/\/www.atletikaolomouc.cz\/wp-content\/uploads\/2022\/05\/Zpravodaj-\u010d.1-MU\u017dI-B-2022.docx\">zpravodaj \u010d.1<\/a><\/td>\n<td style=\"width: 188.6px; text-align: center;\"><a href=\"https:\/\/www.atletikaolomouc.cz\/wp-content\/uploads\/2022\/05\/Zpravodaj-\u010d.2-MU\u017dI-B-2022.docx\">zpravodaj \u010d.2<\/a><\/td>\n<\/tr>\n<tr>\n<td style=\"width: 188.6px; text-align: center;\"><a href=\"https:\/\/www.atletikaolomouc.cz\/wp-content\/uploads\/2022\/05\/Zpravodaj-\u010d.3-MU\u017dI-B-2022.docx\">zpravodaj \u010d.3<\/a><\/td>\n<td style=\"width: 188.6px; text-align: center;\"><a href=\"https:\/\/www.atletikaolomouc.cz\/wp-content\/uploads\/2022\/05\/Zpravodaj-\u010d.4-MU\u017dI-B-2022.docx\">zpravodaj \u010d.4<\/a><\/td>\n<\/tr>\n<tr>\n<td style=\"width: 188.6px; text-align: center;\"><a href=\"https:\/\/www.atletikaolomouc.cz\/wp-content\/uploads\/2022\/06\/Zpravodaj-\u010d.5-MU\u017dI-B-2022.docx\">zpravodaj \u010d.5<\/a><\/td>\n<td style=\"width: 188.6px; text-align: center;\"><a href=\"https:\/\/www.atletikaolomouc.cz\/wp-content\/uploads\/2022\/06\/Zpravodaj-\u010d.6-MU\u017dI-B-2022.docx\">zpravodaj \u010d.6<\/a><\/td>\n<\/tr>\n<tr>\n<td style=\"width: 188.6px; text-align: center;\"><a href=\"https:\/\/www.atletikaolomouc.cz\/wp-content\/uploads\/2022\/08\/Zpravodaj-\u010d.7-MU\u017dI-B-2022.docx\">zpravodaj \u010d.7<\/a><\/td>\n<td style=\"width: 188.6px; text-align: center;\"><a href=\"https:\/\/www.atletikaolomouc.cz\/wp-content\/uploads\/2022\/08\/Zpravodaj-\u010d.8-MU\u017dI-B-2022.docx\">zpravodaj \u010d.8<\/a><\/td>\n<\/tr>\n<tr>\n<td style=\"width: 188.6px; text-align: center;\">&nbsp;<\/td>\n<td style=\"width: 188.6px; text-align: center;\">&nbsp;<\/td>\n<\/tr>\n<\/tbody>\n<\/table>\n<p>&nbsp;<\/p>\n<p><strong>Po\u0159ad\u00ed dru\u017estev po 4. kole:<\/strong><\/p>\n<table style=\"height: 193px;\" width=\"595\">\n<tbody>\n<tr>\n<td style=\"width: 71.125px;\">po\u0159ad\u00ed<\/td>\n<td style=\"width: 213.363px;\">odd\u00edl<\/td>\n<td style=\"width: 142.25px;\">hlavn\u00ed body<\/td>\n<td style=\"width: 142.262px;\">pomocn\u00e9 body<\/td>\n<\/tr>\n<tr>\n<td style=\"width: 71.125px;\">1.<\/td>\n<td style=\"width: 213.363px;\">SSK V\u00edtkovice<\/td>\n<td style=\"width: 142.25px; text-align: center;\">44<\/td>\n<td style=\"width: 142.262px; text-align: center;\">728<\/td>\n<\/tr>\n<tr>\n<td style=\"width: 71.125px;\">2.<\/td>\n<td style=\"width: 213.363px;\">AK \u0160ternberk<\/td>\n<td style=\"width: 142.25px; text-align: center;\">39<\/td>\n<td style=\"width: 142.262px; text-align: center;\">597,50<\/td>\n<\/tr>\n<tr>\n<td style=\"width: 71.125px;\">3.<\/td>\n<td style=\"width: 213.363px;\">SK Hranice<\/td>\n<td style=\"width: 142.25px; text-align: center;\">37<\/td>\n<td style=\"width: 142.262px; text-align: center;\">529<\/td>\n<\/tr>\n<tr>\n<td style=\"width: 71.125px;\">4.<\/td>\n<td style=\"width: 213.363px;\">SK P\u0159erov 1908<\/td>\n<td style=\"width: 142.25px; text-align: center;\">31<\/td>\n<td style=\"width: 142.262px; text-align: center;\">443<\/td>\n<\/tr>\n<tr>\n<td style=\"width: 71.125px;\">5.<\/td>\n<td style=\"width: 213.363px;\">TJ J\u00e4kl Karvin\u00e1<\/td>\n<td style=\"width: 142.25px; text-align: center;\">28<\/td>\n<td style=\"width: 142.262px; text-align: center;\">396<\/td>\n<\/tr>\n<tr>\n<td style=\"width: 71.125px;\">6.<\/td>\n<td style=\"width: 213.363px;\">AK Olomouc<\/td>\n<td style=\"width: 142.25px; text-align: center;\">19<\/td>\n<td style=\"width: 142.262px; text-align: center;\">270,50<\/td>\n<\/tr>\n<tr>\n<td style=\"width: 71.125px;\">7.<\/td>\n<td style=\"width: 213.363px;\">TJ Slezan Fr\u00fddek M\u00edstek<\/td>\n<td style=\"width: 142.25px; text-align: center;\">19<\/td>\n<td style=\"width: 142.262px; text-align: center;\">214<\/td>\n<\/tr>\n<tr>\n<td style=\"width: 71.125px;\">8.<\/td>\n<td style=\"width: 213.363px;\">TJ \u0160umperk<\/td>\n<td style=\"width: 142.25px; text-align: center;\">16<\/td>\n<td style=\"width: 142.262px; text-align: center;\">235<\/td>\n<\/tr>\n<tr>\n<td style=\"width: 71.125px;\">9.<\/td>\n<td style=\"width: 213.363px;\">Atletika Poruba<\/td>\n<td style=\"width: 142.25px; text-align: center;\">16<\/td>\n<td style=\"width: 142.262px; text-align: center;\">201<\/td>\n<\/tr>\n<tr>\n<td style=\"width: 71.125px;\">10.<\/td>\n<td style=\"width: 213.363px;\">TJ Slezan Opava<\/td>\n<td style=\"width: 142.25px; text-align: center;\">8<\/td>\n<td style=\"width: 142.262px; text-align: center;\">92<\/td>\n<\/tr>\n<tr>\n<td style=\"width: 71.125px;\">11.<\/td>\n<td style=\"width: 213.363px;\">AK Prost\u011bjov<\/td>\n<td style=\"width: 142.25px; text-align: center;\">5<\/td>\n<td style=\"width: 142.262px; text-align: center;\">72<\/td>\n<\/tr>\n<\/tbody>\n<\/table>\n<p>&nbsp;<\/p>\n<p><strong>Soupiska:<\/strong><\/p>\n<table style=\"height: 234px; width: 207px;\" width=\"212\">\n<tbody>\n<tr>\n<td style=\"width: 207px;\" width=\"183\">Beran Max<\/td>\n<\/tr>\n<tr>\n<td style=\"width: 207px;\">Berger Jan<\/td>\n<\/tr>\n<tr>\n<td style=\"width: 207px;\">Coufal Filip<\/td>\n<\/tr>\n<tr>\n<td style=\"width: 207px;\">Do\u010dkal Tom\u00e1\u0161<\/td>\n<\/tr>\n<tr>\n<td style=\"width: 207px;\">Dost\u00e1lek Jakub<\/td>\n<\/tr>\n<tr>\n<td style=\"width: 207px;\">Dostal\u00edk V\u00e1clav<\/td>\n<\/tr>\n<tr>\n<td style=\"width: 207px;\">Fojt Ond\u0159ej<\/td>\n<\/tr>\n<tr>\n<td style=\"width: 207px;\">Gogela Martin<\/td>\n<\/tr>\n<tr>\n<td style=\"width: 207px;\">Haluz\u00edk Michal<\/td>\n<\/tr>\n<tr>\n<td style=\"width: 207px;\">Hejtman Mat\u011bj<\/td>\n<\/tr>\n<tr>\n<td style=\"width: 207px;\">Kika \u0160imon<\/td>\n<\/tr>\n<tr>\n<td style=\"width: 207px;\">Kov\u00e1\u0159 Rostislav<\/td>\n<\/tr>\n<tr>\n<td style=\"width: 207px;\">Kratochv\u00edl Jakub<\/td>\n<\/tr>\n<tr>\n<td style=\"width: 207px;\">Kremel Patrik<\/td>\n<\/tr>\n<tr>\n<td style=\"width: 207px;\">Krobot Adam<\/td>\n<\/tr>\n<tr>\n<td style=\"width: 207px;\">Krov David<\/td>\n<\/tr>\n<tr>\n<td style=\"width: 207px;\">Mach\u00e1lek Jakub<\/td>\n<\/tr>\n<tr>\n<td style=\"width: 207px;\">Matu\u0161\u00edk Daniel<\/td>\n<\/tr>\n<tr>\n<td style=\"width: 207px;\">Mautner Jan<\/td>\n<\/tr>\n<tr>\n<td style=\"width: 207px;\">Mo\u0161t\u011bk Jan<\/td>\n<\/tr>\n<tr>\n<td style=\"width: 207px;\">Mr\u00e1\u010dek Tom\u00e1\u0161<\/td>\n<\/tr>\n<tr>\n<td style=\"width: 207px;\">Sekanina Milan<\/td>\n<\/tr>\n<tr>\n<td style=\"width: 207px;\">Za Nzambi Jason Flaviano<\/td>\n<\/tr>\n<tr>\n<td style=\"width: 207px;\">Flores Felipe<\/td>\n<\/tr>\n<tr>\n<td style=\"width: 207px;\">Grepl Pavel<\/td>\n<\/tr>\n<\/tbody>\n<\/table>\n<p>&nbsp;<\/p>\n","protected":false},"excerpt":{"rendered":"<p>II. n\u00e1rodn\u00ed liga mu\u017e\u016f a \u017een Vedouc\u00ed dru\u017estva: Radek Kopeck\u00fd tel: 739 313 935 email:&nbsp;radek.kopecky@atlas.cz Term\u00edny: 14.kv\u011btna &nbsp;1.kolo&nbsp; &nbsp;\u0160umperk propozice &nbsp;v\u00fdsledky 28.kv\u011btna &nbsp;2.kolo &nbsp;Fr\u00fddek-M\u00edstek propozice v\u00fdsledky 12.\u010dervna &nbsp;3.kolo &nbsp;Ostrava propozice v\u00fdsledky 21.srpna &nbsp;4.kolo &nbsp;T\u0159inec propozice v\u00fdsledky &nbsp; &nbsp; &nbsp; &nbsp; &hellip; <a href=\"https:\/\/old.atletikaolomouc.cz\/?page_id=7565\">Continue reading <span class=\"meta-nav\">&rarr;<\/span><\/a><\/p>\n","protected":false},"author":4,"featured_media":0,"parent":0,"menu_order":0,"comment_status":"closed","ping_status":"closed","template":"","meta":{"ngg_post_thumbnail":0},"_links":{"self":[{"href":"https:\/\/old.atletikaolomouc.cz\/index.php?rest_route=\/wp\/v2\/pages\/7565"}],"collection":[{"href":"https:\/\/old.atletikaolomouc.cz\/index.php?rest_route=\/wp\/v2\/pages"}],"about":[{"href":"https:\/\/old.atletikaolomouc.cz\/index.php?rest_route=\/wp\/v2\/types\/page"}],"author":[{"embeddable":true,"href":"https:\/\/old.atletikaolomouc.cz\/index.php?rest_route=\/wp\/v2\/users\/4"}],"replies":[{"embeddable":true,"href":"https:\/\/old.atletikaolomouc.cz\/index.php?rest_route=%2Fwp%2Fv2%2Fcomments&post=7565"}],"version-history":[{"count":27,"href":"https:\/\/old.atletikaolomouc.cz\/index.php?rest_route=\/wp\/v2\/pages\/7565\/revisions"}],"predecessor-version":[{"id":34979,"href":"https:\/\/old.atletikaolomouc.cz\/index.php?rest_route=\/wp\/v2\/pages\/7565\/revisions\/34979"}],"wp:attachment":[{"href":"https:\/\/old.atletikaolomouc.cz\/index.php?rest_route=%2Fwp%2Fv2%2Fmedia&parent=7565"}],"curies":[{"name":"wp","href":"https:\/\/api.w.org\/{rel}","templated":true}]}}