{"id":8857,"date":"2017-05-16T10:00:14","date_gmt":"2017-05-16T08:00:14","guid":{"rendered":"http:\/\/www.atletikaolomouc.cz\/?page_id=8857"},"modified":"2021-06-24T14:00:48","modified_gmt":"2021-06-24T12:00:48","slug":"zeny","status":"publish","type":"page","link":"https:\/\/old.atletikaolomouc.cz\/?page_id=8857","title":{"rendered":"\u017deny"},"content":{"rendered":"<p style=\"text-align: center;\"><strong>I. n\u00e1rodn\u00ed liga mu\u017e\u016f a \u017een<br \/>\n<\/strong><\/p>\n<p><strong>Vedouc\u00ed dru\u017estva:<\/strong><br \/>\nPavel Vrzala<br \/>\ntel: 608 033 120<br \/>\nemail: &nbsp;<a href=\"mailto:p.vrzala@seznam.cz\" target=\"_blank\" rel=\"noopener\">p.vrzala@seznam.cz<\/a><\/p>\n<p><strong>Term\u00edny:<\/strong><\/p>\n<table style=\"width: 550px; height: 85px;\" border=\"0\">\n<tbody>\n<tr style=\"height: 17px;\">\n<td style=\"width: 70.1px; height: 17px;\">12.06.<\/td>\n<td style=\"width: 113.287px; height: 17px;\">1. kolo sout\u011b\u017ee<\/td>\n<td style=\"width: 150.288px; height: 17px;\">Olomouc<\/td>\n<td style=\"width: 101.45px; height: 17px;\"><a href=\"https:\/\/online.atletika.cz\/Propozice\/propozice\/47319\" target=\"_blank\" rel=\"noopener\">propozice<\/a><\/td>\n<td style=\"width: 83.275px; height: 17px;\"><a href=\"https:\/\/online.atletika.cz\/vysledky\/47319\" target=\"_blank\" rel=\"noopener\">v\u00fdsledky<\/a><\/td>\n<\/tr>\n<tr style=\"height: 17px;\">\n<td style=\"width: 70.1px; height: 17px;\">03.07.<\/td>\n<td style=\"width: 113.287px; height: 17px;\">2. kolo sout\u011b\u017ee<\/td>\n<td style=\"width: 150.288px; height: 17px;\">Uhersk\u00e9 Hradi\u0161t\u011b<\/td>\n<td style=\"width: 101.45px; height: 17px;\"><a href=\"https:\/\/online.atletika.cz\/Propozice\/propozice\/47320\" target=\"_blank\" rel=\"noopener\">propozice<\/a><\/td>\n<td style=\"width: 83.275px; height: 17px;\">&nbsp;<\/td>\n<\/tr>\n<tr style=\"height: 17px;\">\n<td style=\"width: 70.1px; height: 17px;\">21.08.<\/td>\n<td style=\"width: 113.287px; height: 17px;\">3. kolo sout\u011b\u017ee<\/td>\n<td style=\"width: 150.288px; height: 17px;\">B\u0159eclav<\/td>\n<td style=\"width: 101.45px; height: 17px;\">&nbsp;<\/td>\n<td style=\"width: 83.275px; height: 17px;\">&nbsp;<\/td>\n<\/tr>\n<tr style=\"height: 17px;\">\n<td style=\"width: 70.1px; height: 17px;\">&nbsp;<\/td>\n<td style=\"width: 113.287px; height: 17px;\">&nbsp;<\/td>\n<td style=\"width: 150.288px; height: 17px;\">&nbsp;<\/td>\n<td style=\"width: 101.45px; height: 17px;\">&nbsp;<\/td>\n<td style=\"width: 83.275px; height: 17px;\">&nbsp;<\/td>\n<\/tr>\n<tr style=\"height: 17px;\">\n<td style=\"width: 70.1px; height: 17px;\">&nbsp;<\/td>\n<td style=\"width: 113.287px; height: 17px;\">&nbsp;<\/td>\n<td style=\"width: 150.288px; height: 17px;\">&nbsp;<\/td>\n<td style=\"width: 101.45px; height: 17px;\">&nbsp;<\/td>\n<td style=\"width: 83.275px; height: 17px;\">&nbsp;<\/td>\n<\/tr>\n<\/tbody>\n<\/table>\n<p><strong>Zpravodaje:<\/strong><\/p>\n<table border=\"0\">\n<tbody>\n<tr>\n<td><a href=\"https:\/\/www.atletikaolomouc.cz\/wp-content\/uploads\/2021\/06\/Zpravodaj-\u010d.2-21.pdf\" target=\"_blank\" rel=\"noopener\">Zpravodaj \u010d. 1<\/a><\/td>\n<td>&nbsp;<\/td>\n<\/tr>\n<tr>\n<td>&nbsp;<\/td>\n<td>&nbsp;<\/td>\n<\/tr>\n<tr>\n<td>&nbsp;<\/td>\n<td>&nbsp;<\/td>\n<\/tr>\n<tr>\n<td>&nbsp;<\/td>\n<td>&nbsp;<\/td>\n<\/tr>\n<\/tbody>\n<\/table>\n<p>&nbsp;<\/p>\n<p><strong>Soupiska dru\u017estva:<\/strong><\/p>\n<table style=\"width: 260px;\" border=\"0\" cellspacing=\"0\" cellpadding=\"0\">\n<colgroup>\n<col width=\"260\"> <\/colgroup>\n<tbody>\n<tr>\n<td width=\"260\" height=\"20\">&nbsp;<\/td>\n<\/tr>\n<tr>\n<td height=\"20\">&nbsp;<\/td>\n<\/tr>\n<tr>\n<td height=\"21\">&nbsp;<\/td>\n<\/tr>\n<tr>\n<td height=\"21\">&nbsp;<\/td>\n<\/tr>\n<tr>\n<td height=\"21\">&nbsp;<\/td>\n<\/tr>\n<tr>\n<td height=\"20\">&nbsp;<\/td>\n<\/tr>\n<tr>\n<td height=\"21\">&nbsp;<\/td>\n<\/tr>\n<tr>\n<td height=\"20\">&nbsp;<\/td>\n<\/tr>\n<tr>\n<td height=\"21\">&nbsp;<\/td>\n<\/tr>\n<tr>\n<td height=\"20\">&nbsp;<\/td>\n<\/tr>\n<tr>\n<td height=\"21\">&nbsp;<\/td>\n<\/tr>\n<tr>\n<td height=\"20\">&nbsp;<\/td>\n<\/tr>\n<tr>\n<td height=\"21\">&nbsp;<\/td>\n<\/tr>\n<tr>\n<td height=\"20\">&nbsp;<\/td>\n<\/tr>\n<tr>\n<td height=\"21\">&nbsp;<\/td>\n<\/tr>\n<tr>\n<td height=\"21\">&nbsp;<\/td>\n<\/tr>\n<\/tbody>\n<\/table>\n<p>&nbsp;<\/p>\n","protected":false},"excerpt":{"rendered":"<p>I. n\u00e1rodn\u00ed liga mu\u017e\u016f a \u017een Vedouc\u00ed dru\u017estva: Pavel Vrzala tel: 608 033 120 email: &nbsp;p.vrzala@seznam.cz Term\u00edny: 12.06. 1. kolo sout\u011b\u017ee Olomouc propozice v\u00fdsledky 03.07. 2. kolo sout\u011b\u017ee Uhersk\u00e9 Hradi\u0161t\u011b propozice &nbsp; 21.08. 3. kolo sout\u011b\u017ee B\u0159eclav &nbsp; &nbsp; &nbsp; &hellip; <a href=\"https:\/\/old.atletikaolomouc.cz\/?page_id=8857\">Continue reading <span class=\"meta-nav\">&rarr;<\/span><\/a><\/p>\n","protected":false},"author":4,"featured_media":0,"parent":0,"menu_order":0,"comment_status":"closed","ping_status":"closed","template":"","meta":{"ngg_post_thumbnail":0},"_links":{"self":[{"href":"https:\/\/old.atletikaolomouc.cz\/index.php?rest_route=\/wp\/v2\/pages\/8857"}],"collection":[{"href":"https:\/\/old.atletikaolomouc.cz\/index.php?rest_route=\/wp\/v2\/pages"}],"about":[{"href":"https:\/\/old.atletikaolomouc.cz\/index.php?rest_route=\/wp\/v2\/types\/page"}],"author":[{"embeddable":true,"href":"https:\/\/old.atletikaolomouc.cz\/index.php?rest_route=\/wp\/v2\/users\/4"}],"replies":[{"embeddable":true,"href":"https:\/\/old.atletikaolomouc.cz\/index.php?rest_route=%2Fwp%2Fv2%2Fcomments&post=8857"}],"version-history":[{"count":21,"href":"https:\/\/old.atletikaolomouc.cz\/index.php?rest_route=\/wp\/v2\/pages\/8857\/revisions"}],"predecessor-version":[{"id":31003,"href":"https:\/\/old.atletikaolomouc.cz\/index.php?rest_route=\/wp\/v2\/pages\/8857\/revisions\/31003"}],"wp:attachment":[{"href":"https:\/\/old.atletikaolomouc.cz\/index.php?rest_route=%2Fwp%2Fv2%2Fmedia&parent=8857"}],"curies":[{"name":"wp","href":"https:\/\/api.w.org\/{rel}","templated":true}]}}