{"id":8865,"date":"2017-05-16T11:14:21","date_gmt":"2017-05-16T09:14:21","guid":{"rendered":"http:\/\/www.atletikaolomouc.cz\/?page_id=8865"},"modified":"2022-03-16T14:54:45","modified_gmt":"2022-03-16T13:54:45","slug":"juniori","status":"publish","type":"page","link":"https:\/\/old.atletikaolomouc.cz\/?page_id=8865","title":{"rendered":"Junio\u0159i"},"content":{"rendered":"<p style=\"text-align: center;\"><strong>Sout\u011b\u017e dru\u017estev junior\u016f a juniorek<\/strong><\/p>\n<p><strong>Vedouc\u00ed dru\u017estva:<\/strong><br \/>\nJi\u0159\u00ed Novotn\u00fd<br \/>\ntel: 734 315 950<br \/>\nemail: <a href=\"mailto:mail to:jiri.l.novotny@gmail.com\">jiri.l.novotny@gmail.com<\/a><br \/>\nLibor Kalas<br \/>\ntel: 731 138 405<br \/>\nemail: <a href=\"mailto:libor.kalas@seznam.cz\">libor.kalas@seznam.cz<\/a><\/p>\n<p><strong>Term\u00edny:<\/strong><\/p>\n<table style=\"height: 72px;\" border=\"0\">\n<tbody>\n<tr style=\"height: 18px;\">\n<td style=\"width: 72.296875px; height: 18px;\">7.5.2022<\/td>\n<td style=\"width: 45.453125px; height: 18px;\">1.kolo&nbsp;<\/td>\n<td style=\"width: 113px; height: 18px;\">Ostrava<\/td>\n<td style=\"width: 10px; height: 18px;\">propozice<\/td>\n<td style=\"width: 4px; height: 18px;\">v\u00fdsledky<\/td>\n<\/tr>\n<tr style=\"height: 18px;\">\n<td style=\"width: 72.296875px; height: 18px;\">5.6.2022<\/td>\n<td style=\"width: 45.453125px; height: 18px;\">2.kolo<\/td>\n<td style=\"width: 113px; height: 18px;\">T\u0159inec<\/td>\n<td style=\"width: 10px; height: 18px;\">propozice<\/td>\n<td style=\"width: 4px; height: 18px;\">v\u00fdsledky<\/td>\n<\/tr>\n<tr style=\"height: 18px;\">\n<td style=\"width: 72.296875px; height: 18px;\">10.9.2022<\/td>\n<td style=\"width: 45.453125px; height: 18px;\">3.kolo<\/td>\n<td style=\"width: 113px; height: 18px;\">B\u0159eclav<\/td>\n<td style=\"width: 10px; height: 18px;\">propozice<\/td>\n<td style=\"width: 4px; height: 18px;\">v\u00fdsledky<\/td>\n<\/tr>\n<tr style=\"height: 18px;\">\n<td style=\"width: 72.296875px; height: 18px;\">24.9.2022<\/td>\n<td style=\"width: 45.453125px; height: 18px;\">M\u010cR<\/td>\n<td style=\"width: 113px; height: 18px;\">Mlad\u00e1 Boleslav<\/td>\n<td style=\"width: 10px; height: 18px;\">propozice<\/td>\n<td style=\"width: 4px; height: 18px;\">v\u00fdsledky<\/td>\n<\/tr>\n<\/tbody>\n<\/table>\n<p><strong>Zpravodaje:<\/strong><\/p>\n<table border=\"0\">\n<tbody>\n<tr>\n<td style=\"width: 4px;\">&nbsp;<\/td>\n<td style=\"width: 10px;\">&nbsp;<\/td>\n<\/tr>\n<tr>\n<td style=\"width: 4px;\">&nbsp;<\/td>\n<td style=\"width: 10px;\">&nbsp;<\/td>\n<\/tr>\n<\/tbody>\n<\/table>\n<p><strong>Po\u0159ad\u00ed dru\u017estev:<br \/>\n<\/strong><\/p>\n<table style=\"width: 497px; height: 235px;\">\n<tbody>\n<tr>\n<td>&nbsp;<\/td>\n<td>&nbsp;<\/td>\n<td style=\"text-align: center;\">&nbsp;<\/td>\n<td style=\"text-align: center;\">&nbsp;<\/td>\n<\/tr>\n<tr>\n<td>&nbsp;<\/td>\n<td>&nbsp;<\/td>\n<td style=\"text-align: center;\">&nbsp;<\/td>\n<td style=\"text-align: center;\">&nbsp;<\/td>\n<\/tr>\n<tr>\n<td>&nbsp;<\/td>\n<td>&nbsp;<\/td>\n<td style=\"text-align: center;\">&nbsp;<\/td>\n<td style=\"text-align: center;\">&nbsp;<\/td>\n<\/tr>\n<tr>\n<td>&nbsp;<\/td>\n<td>&nbsp;<\/td>\n<td style=\"text-align: center;\">&nbsp;<\/td>\n<td style=\"text-align: center;\">&nbsp;<\/td>\n<\/tr>\n<tr>\n<td>&nbsp;<\/td>\n<td>&nbsp;<\/td>\n<td style=\"text-align: center;\">&nbsp;<\/td>\n<td style=\"text-align: center;\">&nbsp;<\/td>\n<\/tr>\n<tr>\n<td>&nbsp;<\/td>\n<td>&nbsp;<\/td>\n<td style=\"text-align: center;\">&nbsp;<\/td>\n<td style=\"text-align: center;\">&nbsp;<\/td>\n<\/tr>\n<tr>\n<td>&nbsp;<\/td>\n<td>&nbsp;<\/td>\n<td style=\"text-align: center;\">&nbsp;<\/td>\n<td style=\"text-align: center;\">&nbsp;<\/td>\n<\/tr>\n<tr>\n<td>&nbsp;<\/td>\n<td>&nbsp;<\/td>\n<td style=\"text-align: center;\">&nbsp;<\/td>\n<td style=\"text-align: center;\">&nbsp;<\/td>\n<\/tr>\n<tr>\n<td>&nbsp;<\/td>\n<td>&nbsp;<\/td>\n<td style=\"text-align: center;\">&nbsp;<\/td>\n<td style=\"text-align: center;\">&nbsp;<\/td>\n<\/tr>\n<tr>\n<td>&nbsp;<\/td>\n<td>&nbsp;<\/td>\n<td style=\"text-align: center;\">&nbsp;<\/td>\n<td style=\"text-align: center;\">&nbsp;<\/td>\n<\/tr>\n<tr>\n<td>&nbsp;<\/td>\n<td>&nbsp;<\/td>\n<td style=\"text-align: center;\">&nbsp;<\/td>\n<td style=\"text-align: center;\">&nbsp;<\/td>\n<\/tr>\n<tr>\n<td>&nbsp;<\/td>\n<td>&nbsp;<\/td>\n<td style=\"text-align: center;\">&nbsp;<\/td>\n<td style=\"text-align: center;\">&nbsp;<\/td>\n<\/tr>\n<\/tbody>\n<\/table>\n<p>&nbsp;<\/p>\n<p>&nbsp;<strong>Bodov\u00e1n\u00ed jednotlivc\u016f:<\/strong><\/p>\n<p>&nbsp;<\/p>\n<p>&nbsp;<\/p>\n<p>&nbsp;<strong>Soupiska dru\u017estva:<br \/>\n<\/strong><\/p>\n<table>\n<tbody>\n<tr>\n<td>1<\/td>\n<td>Barto\u0148 Jan<\/td>\n<\/tr>\n<tr>\n<td>2<\/td>\n<td>Brychta Karel<\/td>\n<\/tr>\n<tr>\n<td>3<\/td>\n<td>Bud\u00edk Matou\u0161<\/td>\n<\/tr>\n<tr>\n<td>4<\/td>\n<td>\u010c\u00e1p Jan Jakub<\/td>\n<\/tr>\n<tr>\n<td>5<\/td>\n<td>Hor\u00e1k Vojt\u011bch<\/td>\n<\/tr>\n<tr>\n<td>6<\/td>\n<td>Hroch Michal<\/td>\n<\/tr>\n<tr>\n<td>7<\/td>\n<td>Jakob Benjamin<\/td>\n<\/tr>\n<tr>\n<td>8<\/td>\n<td>Kolomazn\u00edk Jon\u00e1\u0161&nbsp;<\/td>\n<\/tr>\n<tr>\n<td>9<\/td>\n<td>Kunstler Marek<\/td>\n<\/tr>\n<tr>\n<td>10<\/td>\n<td>Novotn\u00fd Ji\u0159\u00ed<\/td>\n<\/tr>\n<tr>\n<td>11<\/td>\n<td>Sedl\u00e1\u0159 Petr<\/td>\n<\/tr>\n<tr>\n<td>12<\/td>\n<td>Svozil Jan<\/td>\n<\/tr>\n<tr>\n<td>13<\/td>\n<td>Tom\u00e1\u0161ek Adam<\/td>\n<\/tr>\n<tr>\n<td>14<\/td>\n<td>H\u00e1p Mat\u011bj<\/td>\n<\/tr>\n<tr>\n<td>15<\/td>\n<td>Matu\u0161\u00edk Daniel<\/td>\n<\/tr>\n<tr>\n<td>16<\/td>\n<td>Beran Max<\/td>\n<\/tr>\n<tr>\n<td>17<\/td>\n<td>Fojt Ond\u0159ej<\/td>\n<\/tr>\n<tr>\n<td>18<\/td>\n<td>Kika \u0160imon<\/td>\n<\/tr>\n<tr>\n<td>19<\/td>\n<td>Sl\u00e1dek Kry\u0161tof<\/td>\n<\/tr>\n<tr>\n<td>20<\/td>\n<td>Za Nzambi Jason<\/td>\n<\/tr>\n<tr>\n<td>21<\/td>\n<td>Haluz\u00edk Michal<\/td>\n<\/tr>\n<tr>\n<td>22<\/td>\n<td>Kremel Patrik<\/td>\n<\/tr>\n<tr>\n<td>23<\/td>\n<td>Zahradn\u00edk Bed\u0159ich<\/td>\n<\/tr>\n<tr>\n<td>24<\/td>\n<td>Zedn\u00edk Ji\u0159\u00ed<\/td>\n<\/tr>\n<tr>\n<td>25<\/td>\n<td>Vajda Luk\u00e1\u0161<\/td>\n<\/tr>\n<tr>\n<td>26<\/td>\n<td>Grajcar\u00edk Tom\u00e1\u0161<\/td>\n<\/tr>\n<tr>\n<td>27<\/td>\n<td>Nemec Jakub<\/td>\n<\/tr>\n<tr>\n<td>28<\/td>\n<td>Federi\u010d Filip<\/td>\n<\/tr>\n<\/tbody>\n<\/table>\n<p><strong>&nbsp;<\/strong><\/p>\n","protected":false},"excerpt":{"rendered":"<p>Sout\u011b\u017e dru\u017estev junior\u016f a juniorek Vedouc\u00ed dru\u017estva: Ji\u0159\u00ed Novotn\u00fd tel: 734 315 950 email: jiri.l.novotny@gmail.com Libor Kalas tel: 731 138 405 email: libor.kalas@seznam.cz Term\u00edny: 7.5.2022 1.kolo&nbsp; Ostrava propozice v\u00fdsledky 5.6.2022 2.kolo T\u0159inec propozice v\u00fdsledky 10.9.2022 3.kolo B\u0159eclav propozice v\u00fdsledky 24.9.2022 &hellip; <a href=\"https:\/\/old.atletikaolomouc.cz\/?page_id=8865\">Continue reading <span class=\"meta-nav\">&rarr;<\/span><\/a><\/p>\n","protected":false},"author":4,"featured_media":0,"parent":0,"menu_order":0,"comment_status":"closed","ping_status":"closed","template":"","meta":{"ngg_post_thumbnail":0},"_links":{"self":[{"href":"https:\/\/old.atletikaolomouc.cz\/index.php?rest_route=\/wp\/v2\/pages\/8865"}],"collection":[{"href":"https:\/\/old.atletikaolomouc.cz\/index.php?rest_route=\/wp\/v2\/pages"}],"about":[{"href":"https:\/\/old.atletikaolomouc.cz\/index.php?rest_route=\/wp\/v2\/types\/page"}],"author":[{"embeddable":true,"href":"https:\/\/old.atletikaolomouc.cz\/index.php?rest_route=\/wp\/v2\/users\/4"}],"replies":[{"embeddable":true,"href":"https:\/\/old.atletikaolomouc.cz\/index.php?rest_route=%2Fwp%2Fv2%2Fcomments&post=8865"}],"version-history":[{"count":16,"href":"https:\/\/old.atletikaolomouc.cz\/index.php?rest_route=\/wp\/v2\/pages\/8865\/revisions"}],"predecessor-version":[{"id":33228,"href":"https:\/\/old.atletikaolomouc.cz\/index.php?rest_route=\/wp\/v2\/pages\/8865\/revisions\/33228"}],"wp:attachment":[{"href":"https:\/\/old.atletikaolomouc.cz\/index.php?rest_route=%2Fwp%2Fv2%2Fmedia&parent=8865"}],"curies":[{"name":"wp","href":"https:\/\/api.w.org\/{rel}","templated":true}]}}