{"id":8888,"date":"2017-05-17T23:37:59","date_gmt":"2017-05-17T21:37:59","guid":{"rendered":"http:\/\/www.atletikaolomouc.cz\/?page_id=8888"},"modified":"2020-07-02T16:32:52","modified_gmt":"2020-07-02T14:32:52","slug":"mladsi-zaci","status":"publish","type":"page","link":"https:\/\/old.atletikaolomouc.cz\/?page_id=8888","title":{"rendered":"Mlad\u0161\u00ed \u017e\u00e1ci"},"content":{"rendered":"<p style=\"text-align: center;\"><strong>Krajsk\u00fd p\u0159ebor dru\u017estev mlad\u0161\u00edch \u017e\u00e1k\u016f<\/strong><\/p>\n<p><strong>Vedouc\u00ed dru\u017estva:<\/strong><br>Tom\u00e1\u0161 Do\u010dkal<br>tel: 725 752 767<br>email: <a href=\"mailto:tomas.doky.dockal@gmail.com\">tomas.doky.dockal@gmail.com<\/a><\/p>\n<p><strong>Term\u00edny:<\/strong><\/p>\n<table style=\"width: 540px;\" border=\"0\">\n<tbody>\n<tr style=\"height: 17px;\">\n<td style=\"text-align: right; width: 75px; height: 17px;\">04.06.<\/td>\n<td style=\"width: 125px; height: 17px;\">1. kolo sout\u011b\u017ee<\/td>\n<td style=\"width: 88px;\">\u0160umperk<\/td>\n<td style=\"width: 119px;\"><a href=\"https:\/\/online.atletika.cz\/Propozice\/propozice\/43824\" target=\"_blank\" rel=\"noopener\">propozice<\/a><\/td>\n<td style=\"width: 119px;\"><a href=\"https:\/\/online.atletika.cz\/vysledky\/43824\" target=\"_blank\" rel=\"noopener\">v\u00fdsledky<\/a><\/td>\n<\/tr>\n<tr>\n<td style=\"width: 75px; text-align: right;\">18.06.<\/td>\n<td style=\"width: 125px;\">2. kolo sout\u011b\u017ee<\/td>\n<td style=\"width: 88px;\">Prost\u011bjov<\/td>\n<td style=\"width: 119px;\"><a href=\"https:\/\/online.atletika.cz\/Propozice\/propozice\/44551\" target=\"_blank\" rel=\"noopener\">propozice<\/a><\/td>\n<td style=\"width: 119px;\"><a href=\"https:\/\/online.atletika.cz\/vysledky\/44551\" target=\"_blank\" rel=\"noopener\">v\u00fdsledky<\/a><\/td>\n<\/tr>\n<tr>\n<td style=\"width: 75px; text-align: right;\">30.06.<\/td>\n<td style=\"width: 125px;\">3. kolo sout\u011b\u017ee<\/td>\n<td style=\"width: 88px;\">\u0160umperk<\/td>\n<td style=\"width: 119px;\"><a href=\"https:\/\/online.atletika.cz\/Propozice\/propozice\/44711\" target=\"_blank\" rel=\"noopener\">propozice<\/a><\/td>\n<td style=\"width: 119px;\"><a href=\"https:\/\/online.atletika.cz\/vysledky\/44711\" target=\"_blank\" rel=\"noopener\">v\u00fdsledky<\/a><\/td>\n<\/tr>\n<tr>\n<td style=\"width: 75px;\">&nbsp;<\/td>\n<td style=\"width: 125px;\">&nbsp;<\/td>\n<td style=\"width: 88px;\">&nbsp;<\/td>\n<td style=\"width: 119px;\">&nbsp;<\/td>\n<td style=\"width: 119px;\">&nbsp;<\/td>\n<\/tr>\n<\/tbody>\n<\/table>\n<p><strong>Zpravodaje:<\/strong><\/p>\n<table border=\"0\">\n<tbody>\n<tr>\n<td><a href=\"http:\/\/www.atletikaolomouc.cz\/wp-content\/uploads\/2020\/06\/Zpravodaj-mlad%C5%A1%C3%ADch-%C5%BE%C3%A1k%C5%AF-2020-po-1.-kole.pdf\" target=\"_blank\" rel=\"noopener\">Zpravodaj po 1. kole<\/a><\/td>\n<td>&nbsp;<\/td>\n<\/tr>\n<tr>\n<td><a href=\"http:\/\/www.atletikaolomouc.cz\/wp-content\/uploads\/2020\/07\/Zpravodaj-mlad\u0161\u00edch-\u017e\u00e1k\u016f-2020-po-2.-kole.docx\" target=\"_blank\" rel=\"noopener\">Zpravodaj po 2. kole<\/a><\/td>\n<td>&nbsp;<\/td>\n<\/tr>\n<tr>\n<td><a href=\"http:\/\/www.atletikaolomouc.cz\/wp-content\/uploads\/2020\/07\/Zpravodaj-mlad\u0161\u00edch-\u017e\u00e1k\u016f-2020-po-3.-kole.docx\" target=\"_blank\" rel=\"noopener\">Zpravodaj po 3. kole<\/a><\/td>\n<td>&nbsp;<\/td>\n<\/tr>\n<tr>\n<td>&nbsp;<\/td>\n<td>&nbsp;<\/td>\n<\/tr>\n<\/tbody>\n<\/table>\n<p><strong>Po\u0159ad\u00ed dru\u017estev:<br><\/strong><\/p>\n<table style=\"width: 493px;\" border=\"0\" cellspacing=\"0\" cellpadding=\"0\"><colgroup> <col width=\"64\"> <col width=\"257\"> <col span=\"2\" width=\"87\"> <\/colgroup>\n<tbody>\n<tr>\n<td style=\"width: 64px;\" width=\"30\">#<\/td>\n<td style=\"width: 258px;\" width=\"215\">odd\u00edl<\/td>\n<td style=\"width: 85px;\" width=\"69\">body<\/td>\n<td style=\"width: 86px;\" width=\"55\">hl. body<\/td>\n<\/tr>\n<tr>\n<td style=\"width: 64px;\" width=\"30\"><strong><span style=\"color: #ff0000;\">1.<\/span><\/strong><\/td>\n<td style=\"width: 258px;\" width=\"215\"><strong><span style=\"color: #ff0000;\">Atletick\u00fd klub Olomouc z.s. A<\/span><\/strong><\/td>\n<td style=\"width: 85px;\"><strong><span style=\"color: #ff0000;\">490,5<\/span><\/strong><\/td>\n<td style=\"width: 86px;\"><strong><span style=\"color: #ff0000;\">30<\/span><\/strong><\/td>\n<\/tr>\n<tr>\n<td style=\"width: 64px;\" width=\"30\">2.<\/td>\n<td style=\"width: 258px;\" width=\"215\">Atletick\u00fd klub Prost\u011bjov, z. s.<\/td>\n<td style=\"width: 85px;\">268<\/td>\n<td style=\"width: 86px;\">26<\/td>\n<\/tr>\n<tr>\n<td style=\"width: 64px;\" width=\"30\">3.<\/td>\n<td style=\"width: 258px;\" width=\"215\">AK \u0160ternberk z.s.<\/td>\n<td style=\"width: 85px;\">230,5<\/td>\n<td style=\"width: 86px;\">24<\/td>\n<\/tr>\n<tr>\n<td style=\"width: 64px;\" width=\"30\">4.<\/td>\n<td style=\"width: 258px;\" width=\"215\">Sportovn\u00ed klub P\u0159erov 1908 z.s.<\/td>\n<td style=\"width: 85px;\">190,5<\/td>\n<td style=\"width: 86px;\">21<\/td>\n<\/tr>\n<tr>\n<td style=\"width: 64px;\" width=\"30\">5.<\/td>\n<td style=\"width: 258px;\" width=\"215\">Atletika Z\u00e1b\u0159eh, z. s.<\/td>\n<td style=\"width: 85px;\">145<\/td>\n<td style=\"width: 86px;\">18<\/td>\n<\/tr>\n<tr>\n<td style=\"width: 64px;\" width=\"30\">6.<\/td>\n<td style=\"width: 258px;\" width=\"215\">TJ Sokol Nov\u00e1 Hrade\u010dn\u00e1, z.s.<\/td>\n<td style=\"width: 85px;\">91<\/td>\n<td style=\"width: 86px;\">12<\/td>\n<\/tr>\n<tr>\n<td style=\"width: 64px;\" width=\"30\">7.<\/td>\n<td style=\"width: 258px;\" width=\"215\">TJ \u0160umperk, z.s.<\/td>\n<td style=\"width: 85px;\">77,5<\/td>\n<td style=\"width: 86px;\">12<\/td>\n<\/tr>\n<tr>\n<td style=\"width: 64px;\" width=\"30\">8.<\/td>\n<td style=\"width: 258px;\" width=\"215\">TJ Uni\u010dov<\/td>\n<td style=\"width: 85px;\">85<\/td>\n<td style=\"width: 86px;\">11<\/td>\n<\/tr>\n<tr>\n<td style=\"width: 64px;\" width=\"30\"><span style=\"color: #ff0000;\">9.<\/span><\/td>\n<td style=\"width: 258px;\" width=\"215\"><span style=\"color: #ff0000;\">Atletick\u00fd klub Olomouc z.s. B<\/span><\/td>\n<td style=\"width: 85px;\"><span style=\"color: #ff0000;\">39,5<\/span><\/td>\n<td style=\"width: 86px;\"><span style=\"color: #ff0000;\">6<\/span><\/td>\n<\/tr>\n<tr>\n<td style=\"width: 64px;\" width=\"30\">10.<\/td>\n<td style=\"width: 258px;\" width=\"215\">SK Hranice, z.s.<\/td>\n<td style=\"width: 85px;\">41,5<\/td>\n<td style=\"width: 86px;\">5<\/td>\n<\/tr>\n<\/tbody>\n<\/table>\n<p><strong>&nbsp;<\/strong><\/p>\n<p><strong>Soupiska dru\u017estva:<\/strong><\/p>\n<p><span style=\"text-decoration: underline;\">Dru\u017estvo A<\/span><strong><br><\/strong><\/p>\n<table style=\"width: 346px;\" border=\"0\" cellspacing=\"0\" cellpadding=\"0\"><colgroup> <col width=\"179\"> <col width=\"167\"> <\/colgroup>\n<tbody>\n<tr>\n<td width=\"179\" height=\"21\">&nbsp;<\/td>\n<td width=\"167\">&nbsp;<\/td>\n<\/tr>\n<tr>\n<td height=\"21\">&nbsp;<\/td>\n<td>&nbsp;<\/td>\n<\/tr>\n<tr>\n<td height=\"21\">&nbsp;<\/td>\n<td>&nbsp;<\/td>\n<\/tr>\n<tr>\n<td height=\"21\">&nbsp;<\/td>\n<td>&nbsp;<\/td>\n<\/tr>\n<tr>\n<td height=\"20\">&nbsp;<\/td>\n<td>&nbsp;<\/td>\n<\/tr>\n<tr>\n<td height=\"21\">&nbsp;<\/td>\n<td>&nbsp;<\/td>\n<\/tr>\n<tr>\n<td height=\"20\">&nbsp;<\/td>\n<td>&nbsp;<\/td>\n<\/tr>\n<tr>\n<td height=\"21\">&nbsp;<\/td>\n<td>&nbsp;<\/td>\n<\/tr>\n<tr>\n<td height=\"20\">&nbsp;<\/td>\n<td>&nbsp;<\/td>\n<\/tr>\n<tr>\n<td height=\"21\">&nbsp;<\/td>\n<td>&nbsp;<\/td>\n<\/tr>\n<tr>\n<td height=\"21\">&nbsp;<\/td>\n<td>&nbsp;<\/td>\n<\/tr>\n<tr>\n<td height=\"20\">&nbsp;<\/td>\n<td>&nbsp;<\/td>\n<\/tr>\n<\/tbody>\n<\/table>\n<table style=\"width: 276px;\" border=\"0\" cellspacing=\"0\" cellpadding=\"0\"><colgroup><col width=\"136\"><col width=\"140\"><\/colgroup>\n<tbody>\n<tr>\n<td width=\"136\" height=\"21\">&nbsp;<\/td>\n<td width=\"140\">&nbsp;<\/td>\n<\/tr>\n<tr>\n<td height=\"21\">&nbsp;<\/td>\n<td>&nbsp;<\/td>\n<\/tr>\n<tr>\n<td height=\"21\">&nbsp;<\/td>\n<td>&nbsp;<\/td>\n<\/tr>\n<tr>\n<td height=\"21\">&nbsp;<\/td>\n<td>&nbsp;<\/td>\n<\/tr>\n<tr>\n<td height=\"20\">&nbsp;<\/td>\n<td>&nbsp;<\/td>\n<\/tr>\n<tr>\n<td height=\"21\">&nbsp;<\/td>\n<td>&nbsp;<\/td>\n<\/tr>\n<tr>\n<td height=\"20\">&nbsp;<\/td>\n<td>&nbsp;<\/td>\n<\/tr>\n<tr>\n<td height=\"20\">&nbsp;<\/td>\n<td>&nbsp;<\/td>\n<\/tr>\n<tr>\n<td height=\"20\">&nbsp;<\/td>\n<td>&nbsp;<\/td>\n<\/tr>\n<tr>\n<td height=\"20\">&nbsp;<\/td>\n<td>&nbsp;<\/td>\n<\/tr>\n<tr>\n<td height=\"20\">&nbsp;<\/td>\n<td>&nbsp;<\/td>\n<\/tr>\n<tr>\n<td height=\"20\">&nbsp;<\/td>\n<td>&nbsp;<\/td>\n<\/tr>\n<tr>\n<td height=\"20\">&nbsp;<\/td>\n<td>&nbsp;<\/td>\n<\/tr>\n<\/tbody>\n<\/table>\n<p><span style=\"text-decoration: underline;\"><strong>&nbsp;<\/strong><\/span><\/p>\n\n","protected":false},"excerpt":{"rendered":"<p>Krajsk\u00fd p\u0159ebor dru\u017estev mlad\u0161\u00edch \u017e\u00e1k\u016f Vedouc\u00ed dru\u017estva:Tom\u00e1\u0161 Do\u010dkaltel: 725 752 767email: tomas.doky.dockal@gmail.com Term\u00edny: 04.06. 1. kolo sout\u011b\u017ee \u0160umperk propozice v\u00fdsledky 18.06. 2. kolo sout\u011b\u017ee Prost\u011bjov propozice v\u00fdsledky 30.06. 3. kolo sout\u011b\u017ee \u0160umperk propozice v\u00fdsledky &nbsp; &nbsp; &nbsp; &nbsp; &nbsp; Zpravodaje: &hellip; <a href=\"https:\/\/old.atletikaolomouc.cz\/?page_id=8888\">Continue reading <span class=\"meta-nav\">&rarr;<\/span><\/a><\/p>\n","protected":false},"author":4,"featured_media":0,"parent":0,"menu_order":0,"comment_status":"closed","ping_status":"closed","template":"","meta":{"ngg_post_thumbnail":0},"_links":{"self":[{"href":"https:\/\/old.atletikaolomouc.cz\/index.php?rest_route=\/wp\/v2\/pages\/8888"}],"collection":[{"href":"https:\/\/old.atletikaolomouc.cz\/index.php?rest_route=\/wp\/v2\/pages"}],"about":[{"href":"https:\/\/old.atletikaolomouc.cz\/index.php?rest_route=\/wp\/v2\/types\/page"}],"author":[{"embeddable":true,"href":"https:\/\/old.atletikaolomouc.cz\/index.php?rest_route=\/wp\/v2\/users\/4"}],"replies":[{"embeddable":true,"href":"https:\/\/old.atletikaolomouc.cz\/index.php?rest_route=%2Fwp%2Fv2%2Fcomments&post=8888"}],"version-history":[{"count":12,"href":"https:\/\/old.atletikaolomouc.cz\/index.php?rest_route=\/wp\/v2\/pages\/8888\/revisions"}],"predecessor-version":[{"id":17462,"href":"https:\/\/old.atletikaolomouc.cz\/index.php?rest_route=\/wp\/v2\/pages\/8888\/revisions\/17462"}],"wp:attachment":[{"href":"https:\/\/old.atletikaolomouc.cz\/index.php?rest_route=%2Fwp%2Fv2%2Fmedia&parent=8888"}],"curies":[{"name":"wp","href":"https:\/\/api.w.org\/{rel}","templated":true}]}}