{"id":8896,"date":"2017-05-18T09:11:20","date_gmt":"2017-05-18T07:11:20","guid":{"rendered":"http:\/\/www.atletikaolomouc.cz\/?page_id=8896"},"modified":"2022-10-03T11:40:30","modified_gmt":"2022-10-03T09:40:30","slug":"8896-2","status":"publish","type":"page","link":"https:\/\/old.atletikaolomouc.cz\/?page_id=8896","title":{"rendered":"Star\u0161\u00ed \u017e\u00e1ci"},"content":{"rendered":"<p style=\"text-align: center;\"><strong>Krajsk\u00fd p\u0159ebor dru\u017estev star\u0161\u00edch \u017e\u00e1k\u016f<\/strong><\/p>\n<p><strong>Vedouc\u00ed dru\u017estva:<\/strong><br \/>\nRadek Kopeck\u00fd<br \/>\ntel: 739 313 935<br \/>\nemail:&nbsp;<a href=\"mailto:radek.kopecky@atlas.cz\">radek.kopecky@atlas.cz<\/a><\/p>\n<p><strong>Term\u00edny:<\/strong><\/p>\n<table style=\"height: 220px; width: 568px;\" border=\"0\">\n<tbody>\n<tr style=\"height: 32px;\">\n<td style=\"width: 62.825px; height: 32px;\">18.5.<\/td>\n<td style=\"width: 185.887px; height: 32px;\">1.kolo sout\u011b\u017ee<\/td>\n<td style=\"width: 120.425px; height: 32px;\">\u0160umperk<\/td>\n<td style=\"width: 81.9875px; height: 32px;\"><a href=\"https:\/\/online.atletika.cz\/Propozice\/propozice\/64615\">propozice<\/a><\/td>\n<td style=\"width: 85.275px; height: 32px;\"><a href=\"https:\/\/online.atletika.cz\/vysledky\/64615\">v\u00fdsledky<\/a><\/td>\n<\/tr>\n<tr style=\"height: 32px;\">\n<td style=\"width: 62.825px; height: 32px;\">30.5.<\/td>\n<td style=\"width: 185.887px; height: 32px;\">2. kolo sout\u011b\u017ee<\/td>\n<td style=\"width: 120.425px; height: 32px;\">Olomouc<\/td>\n<td style=\"width: 81.9875px; height: 32px;\"><a href=\"https:\/\/online.atletika.cz\/Propozice\/propozice\/63722\">propozice<\/a><\/td>\n<td style=\"width: 85.275px; height: 32px;\"><a href=\"https:\/\/online.atletika.cz\/vysledky\/63722\">v\u00fdsledky<\/a><\/td>\n<\/tr>\n<tr style=\"height: 32px;\">\n<td style=\"width: 62.825px; height: 32px;\">16.6.<\/td>\n<td style=\"width: 185.887px; height: 32px;\">3. kolo sout\u011b\u017ee<\/td>\n<td style=\"width: 120.425px; height: 32px;\">Hranice<\/td>\n<td style=\"width: 81.9875px; height: 32px;\"><a href=\"https:\/\/online.atletika.cz\/Propozice\/propozice\/64769\">propozice<\/a><\/td>\n<td style=\"width: 85.275px; height: 32px;\"><a href=\"https:\/\/online.atletika.cz\/vysledky\/64769\">v\u00fdsledky<\/a><\/td>\n<\/tr>\n<tr style=\"height: 32px;\">\n<td style=\"width: 62.825px; height: 32px;\">28.8.<\/td>\n<td style=\"width: 185.887px; height: 32px;\">Semifin\u00e1le MaS<\/td>\n<td style=\"width: 120.425px; height: 32px;\">Olomouc<\/td>\n<td style=\"width: 81.9875px; height: 32px;\"><a href=\"https:\/\/online.atletika.cz\/Propozice\/propozice\/65158\">propozice<\/a><\/td>\n<td style=\"width: 85.275px; height: 32px;\"><a href=\"https:\/\/online.atletika.cz\/vysledky\/65158\">v\u00fdsledky<\/a><\/td>\n<\/tr>\n<tr style=\"height: 60px;\">\n<td style=\"width: 62.825px; height: 60px;\">11.9.<\/td>\n<td style=\"width: 185.887px; height: 60px;\">Mistrovstv\u00ed Moravy a Slezska<\/td>\n<td style=\"width: 120.425px; height: 60px;\">Fr\u00fddek-M\u00edstek<\/td>\n<td style=\"width: 81.9875px; height: 60px;\"><a href=\"https:\/\/online.atletika.cz\/Propozice\/propozice\/65159\">propozice<\/a><\/td>\n<td style=\"width: 85.275px; height: 60px;\"><a href=\"https:\/\/online.atletika.cz\/vysledky\/65159\">v\u00fdsledky<\/a><\/td>\n<\/tr>\n<tr style=\"height: 32px;\">\n<td style=\"width: 62.825px; height: 32px;\">01.10.<\/td>\n<td style=\"width: 185.887px; height: 32px;\"><strong>Mistrovstv\u00ed \u010cR<\/strong><\/td>\n<td style=\"width: 120.425px; height: 32px;\">T\u0159inec<\/td>\n<td style=\"width: 81.9875px; height: 32px;\"><a href=\"https:\/\/online.atletika.cz\/Propozice\/propozice\/52847\">Propozice<\/a><\/td>\n<td style=\"width: 85.275px; height: 32px;\"><a href=\"https:\/\/online.atletika.cz\/vysledky\/52847\">v\u00fdsledky<\/a><\/td>\n<\/tr>\n<\/tbody>\n<\/table>\n<p><strong>Zpravodaje:<\/strong><\/p>\n<table style=\"height: 185px;\" border=\"0\">\n<tbody>\n<tr style=\"height: 32px;\">\n<td style=\"width: 272px; height: 32px;\"><a href=\"https:\/\/www.atletikaolomouc.cz\/wp-content\/uploads\/2022\/05\/zpravodaj-\u010d.1.doc\" target=\"_blank\" rel=\"noopener\">Zpravodaj \u010d.1<\/a><\/td>\n<td style=\"width: 288px; height: 32px;\"><a href=\"https:\/\/www.atletikaolomouc.cz\/wp-content\/uploads\/2022\/09\/zpravodaj-\u010d.5-star\u0161\u00ed-\u017e\u00e1ci.doc\">Zpravodaj \u010d.7<\/a><\/td>\n<\/tr>\n<tr style=\"height: 32px;\">\n<td style=\"width: 272px; height: 32px;\"><a href=\"https:\/\/www.atletikaolomouc.cz\/wp-content\/uploads\/2022\/05\/zpravodaj-\u010d.2.doc\" target=\"_blank\" rel=\"noopener\">Zpravodaj \u010d.2<\/a><\/td>\n<td style=\"width: 288px; height: 32px;\"><a href=\"https:\/\/www.atletikaolomouc.cz\/wp-content\/uploads\/2022\/09\/zpravodaj-\u010d.5-star\u0161\u00ed-\u017e\u00e1ci.doc\">Zpravodaj \u010d.8<\/a><\/td>\n<\/tr>\n<tr style=\"height: 31px;\">\n<td style=\"width: 272px; height: 31px;\"><a href=\"https:\/\/www.atletikaolomouc.cz\/wp-content\/uploads\/2022\/05\/zpravodaj-\u010d.3.doc\">Zpravodaj \u010d.3<\/a><\/td>\n<td style=\"width: 288px; height: 31px;\"><a href=\"https:\/\/www.atletikaolomouc.cz\/wp-content\/uploads\/2022\/09\/zpravodaj-\u010d.5-star\u0161\u00ed-\u017e\u00e1ci.doc\">Zpravodaj \u010d.9<\/a><\/td>\n<\/tr>\n<tr style=\"height: 29px;\">\n<td style=\"width: 272px; height: 29px;\"><a href=\"https:\/\/www.atletikaolomouc.cz\/wp-content\/uploads\/2022\/05\/zpravodaj-\u010d.4-star\u0161\u00ed-\u017e\u00e1ci.doc\">Zpravodaj \u010d.4<\/a><\/td>\n<td style=\"width: 288px; height: 29px;\"><a href=\"https:\/\/www.atletikaolomouc.cz\/wp-content\/uploads\/2022\/09\/zpravodaj-\u010d.5-star\u0161\u00ed-\u017e\u00e1ci.doc\">Zpravodaj \u010d.10<\/a><\/td>\n<\/tr>\n<tr style=\"height: 31px;\">\n<td style=\"width: 272px; height: 31px;\"><a href=\"https:\/\/www.atletikaolomouc.cz\/wp-content\/uploads\/2022\/09\/zpravodaj-\u010d.5-star\u0161\u00ed-\u017e\u00e1ci.doc\">Zpravodaj \u010d.5<\/a><\/td>\n<td style=\"width: 288px; height: 31px;\"><a href=\"https:\/\/www.atletikaolomouc.cz\/wp-content\/uploads\/2022\/09\/zpravodaj-\u010d.11-star\u0161\u00ed-\u017e\u00e1ci.doc\">Zpravodaj \u010d.11<\/a><\/td>\n<\/tr>\n<tr style=\"height: 30px;\">\n<td style=\"width: 272px; height: 30px;\"><a href=\"https:\/\/www.atletikaolomouc.cz\/wp-content\/uploads\/2022\/09\/zpravodaj-\u010d.5-star\u0161\u00ed-\u017e\u00e1ci.doc\">Zpravodaj \u010d.6<\/a><\/td>\n<td style=\"width: 288px; height: 30px;\"><a href=\"https:\/\/www.atletikaolomouc.cz\/wp-content\/uploads\/2022\/10\/zpravodaj-\u010d.12-star\u0161\u00ed-\u017e\u00e1ci.doc\">Zpravodaj \u010d.12<\/a><\/td>\n<\/tr>\n<\/tbody>\n<\/table>\n<p><strong>Soupisky:<br \/>\n<\/strong><\/p>\n<table width=\"191\">\n<tbody>\n<tr>\n<td width=\"93\">Bare\u0161<\/td>\n<td width=\"98\">Jan<\/td>\n<\/tr>\n<tr>\n<td>Bedna\u0159\u00edk<\/td>\n<td>Vojt\u011bch<\/td>\n<\/tr>\n<tr>\n<td>Bezd\u011bk<\/td>\n<td>Jind\u0159ich<\/td>\n<\/tr>\n<tr>\n<td>B\u00edlek<\/td>\n<td>Franti\u0161ek<\/td>\n<\/tr>\n<tr>\n<td>Fiala<\/td>\n<td>Alex<\/td>\n<\/tr>\n<tr>\n<td>Glavan<\/td>\n<td>Iulian<\/td>\n<\/tr>\n<tr>\n<td>Herinek<\/td>\n<td>Vojt\u011bch<\/td>\n<\/tr>\n<tr>\n<td>Hus<\/td>\n<td>Nikolas<\/td>\n<\/tr>\n<tr>\n<td>Kotyza<\/td>\n<td>Albert<\/td>\n<\/tr>\n<tr>\n<td>Kub\u00edn<\/td>\n<td>\u0160imon<\/td>\n<\/tr>\n<tr>\n<td>Mal\u00ed\u010dek<\/td>\n<td>Josef<\/td>\n<\/tr>\n<tr>\n<td>Melcr<\/td>\n<td>Stanislav<\/td>\n<\/tr>\n<tr>\n<td>Melich<\/td>\n<td>Maty\u00e1\u0161<\/td>\n<\/tr>\n<tr>\n<td>Nov\u00e1k<\/td>\n<td>Mat\u011bj<\/td>\n<\/tr>\n<tr>\n<td>Novotn\u00fd<\/td>\n<td>Filip<\/td>\n<\/tr>\n<tr>\n<td>Pazdera<\/td>\n<td>Metod\u011bj<\/td>\n<\/tr>\n<tr>\n<td>Prok\u016fpek<\/td>\n<td>Marek<\/td>\n<\/tr>\n<tr>\n<td>Svozil<\/td>\n<td>Marek<\/td>\n<\/tr>\n<tr>\n<td>\u0160pi\u010dka<\/td>\n<td>Mikul\u00e1\u0161<\/td>\n<\/tr>\n<tr>\n<td>\u0160pi\u010dka<\/td>\n<td>Sebastian<\/td>\n<\/tr>\n<tr>\n<td>\u0160t\u011bp\u00e1nek<\/td>\n<td>Radim<\/td>\n<\/tr>\n<tr>\n<td>Toman<\/td>\n<td>Tobi\u00e1\u0161<\/td>\n<\/tr>\n<tr>\n<td>Vac\u00edk<\/td>\n<td>Sebastian<\/td>\n<\/tr>\n<tr>\n<td>Volf<\/td>\n<td>Maty\u00e1\u0161<\/td>\n<\/tr>\n<\/tbody>\n<\/table>\n<p><strong>&nbsp;<\/strong><\/p>\n<p><strong>&nbsp;<\/strong><strong>Po\u0159ad\u00ed dru\u017estev na M\u010cR:<\/strong><\/p>\n<table style=\"height: 180px;\" width=\"635\">\n<tbody>\n<tr style=\"height: 18px;\">\n<td style=\"width: 27.0375px; height: 18px;\">1.<\/td>\n<td style=\"width: 279.45px; height: 18px;\">TJ Sokol Kol\u00edn<\/td>\n<td style=\"width: 150.238px; height: 18px;\">&nbsp;<\/td>\n<td style=\"width: 152.275px; height: 18px;\">153,50<\/td>\n<\/tr>\n<tr style=\"height: 18px;\">\n<td style=\"width: 27.0375px; height: 18px;\">2.<\/td>\n<td style=\"width: 279.45px; height: 18px;\">Atletick\u00fd klub Olomouc<\/td>\n<td style=\"width: 150.238px; height: 18px;\">&nbsp;<\/td>\n<td style=\"width: 152.275px; height: 18px;\">149,00<\/td>\n<\/tr>\n<tr style=\"height: 18px;\">\n<td style=\"width: 27.0375px; height: 18px;\">3.<\/td>\n<td style=\"width: 279.45px; height: 18px;\">A.C. Tepo Kladno<\/td>\n<td style=\"width: 150.238px; height: 18px;\">&nbsp;<\/td>\n<td style=\"width: 152.275px; height: 18px;\">143,00<\/td>\n<\/tr>\n<tr style=\"height: 18px;\">\n<td style=\"width: 27.0375px; height: 18px;\">4.<\/td>\n<td style=\"width: 279.45px; height: 18px;\">TJ Sokol Opava<\/td>\n<td style=\"width: 150.238px; height: 18px;\">&nbsp;<\/td>\n<td style=\"width: 152.275px; height: 18px;\">140,00<\/td>\n<\/tr>\n<tr style=\"height: 18px;\">\n<td style=\"width: 27.0375px; height: 18px;\">5.<\/td>\n<td style=\"width: 279.45px; height: 18px;\">TJ LIAZ Jablonec<\/td>\n<td style=\"width: 150.238px; height: 18px;\">&nbsp;<\/td>\n<td style=\"width: 152.275px; height: 18px;\">126,50<\/td>\n<\/tr>\n<tr style=\"height: 18px;\">\n<td style=\"width: 27.0375px; height: 18px;\">6.<\/td>\n<td style=\"width: 279.45px; height: 18px;\">USK Praha<\/td>\n<td style=\"width: 150.238px; height: 18px;\">&nbsp;<\/td>\n<td style=\"width: 152.275px; height: 18px;\">120,00<\/td>\n<\/tr>\n<tr style=\"height: 18px;\">\n<td style=\"width: 27.0375px; height: 18px;\">7.<\/td>\n<td style=\"width: 279.45px; height: 18px;\">SSK V\u00edtkovice<\/td>\n<td style=\"width: 150.238px; height: 18px;\">&nbsp;<\/td>\n<td style=\"width: 152.275px; height: 18px;\">67,00<\/td>\n<\/tr>\n<tr style=\"height: 18px;\">\n<td style=\"width: 27.0375px; height: 18px;\">8.<\/td>\n<td style=\"width: 279.45px; height: 18px;\">SK Jeseniova<\/td>\n<td style=\"width: 150.238px; height: 18px;\">&nbsp;<\/td>\n<td style=\"width: 152.275px; height: 18px;\">64,00<\/td>\n<\/tr>\n<tr style=\"height: 18px;\">\n<td style=\"width: 27.0375px; height: 18px;\">9.<\/td>\n<td style=\"width: 279.45px; height: 18px;\">ASK Slavia Praha<\/td>\n<td style=\"width: 150.238px; height: 18px;\">&nbsp;<\/td>\n<td style=\"width: 152.275px; height: 18px;\">59,00<\/td>\n<\/tr>\n<tr style=\"height: 18px;\">\n<td style=\"width: 27.0375px; height: 18px;\">10.<\/td>\n<td style=\"width: 279.45px; height: 18px;\">TJ Slezan Fr\u00fddek-M\u00edstek<\/td>\n<td style=\"width: 150.238px; height: 18px;\">&nbsp;<\/td>\n<td style=\"width: 152.275px; height: 18px;\">42,00<\/td>\n<\/tr>\n<\/tbody>\n<\/table>\n","protected":false},"excerpt":{"rendered":"<p>Krajsk\u00fd p\u0159ebor dru\u017estev star\u0161\u00edch \u017e\u00e1k\u016f Vedouc\u00ed dru\u017estva: Radek Kopeck\u00fd tel: 739 313 935 email:&nbsp;radek.kopecky@atlas.cz Term\u00edny: 18.5. 1.kolo sout\u011b\u017ee \u0160umperk propozice v\u00fdsledky 30.5. 2. kolo sout\u011b\u017ee Olomouc propozice v\u00fdsledky 16.6. 3. kolo sout\u011b\u017ee Hranice propozice v\u00fdsledky 28.8. Semifin\u00e1le MaS Olomouc propozice &hellip; <a href=\"https:\/\/old.atletikaolomouc.cz\/?page_id=8896\">Continue reading <span class=\"meta-nav\">&rarr;<\/span><\/a><\/p>\n","protected":false},"author":4,"featured_media":0,"parent":0,"menu_order":0,"comment_status":"closed","ping_status":"closed","template":"","meta":{"ngg_post_thumbnail":0},"_links":{"self":[{"href":"https:\/\/old.atletikaolomouc.cz\/index.php?rest_route=\/wp\/v2\/pages\/8896"}],"collection":[{"href":"https:\/\/old.atletikaolomouc.cz\/index.php?rest_route=\/wp\/v2\/pages"}],"about":[{"href":"https:\/\/old.atletikaolomouc.cz\/index.php?rest_route=\/wp\/v2\/types\/page"}],"author":[{"embeddable":true,"href":"https:\/\/old.atletikaolomouc.cz\/index.php?rest_route=\/wp\/v2\/users\/4"}],"replies":[{"embeddable":true,"href":"https:\/\/old.atletikaolomouc.cz\/index.php?rest_route=%2Fwp%2Fv2%2Fcomments&post=8896"}],"version-history":[{"count":31,"href":"https:\/\/old.atletikaolomouc.cz\/index.php?rest_route=\/wp\/v2\/pages\/8896\/revisions"}],"predecessor-version":[{"id":35501,"href":"https:\/\/old.atletikaolomouc.cz\/index.php?rest_route=\/wp\/v2\/pages\/8896\/revisions\/35501"}],"wp:attachment":[{"href":"https:\/\/old.atletikaolomouc.cz\/index.php?rest_route=%2Fwp%2Fv2%2Fmedia&parent=8896"}],"curies":[{"name":"wp","href":"https:\/\/api.w.org\/{rel}","templated":true}]}}